{"id":956,"date":"2018-04-20T10:37:37","date_gmt":"2018-04-20T08:37:37","guid":{"rendered":"http:\/\/www.anja-saskia-beyer.com\/?page_id=956"},"modified":"2018-04-20T10:37:37","modified_gmt":"2018-04-20T08:37:37","slug":"traeume-der-provence","status":"publish","type":"page","link":"https:\/\/www.anja-saskia-beyer.com\/?page_id=956","title":{"rendered":"Tr\u00e4ume der Provence"},"content":{"rendered":"<p><a href=\"http:\/\/www.anja-saskia-beyer.com\/wp-content\/uploads\/2018\/04\/tr\u00e4ume-der-Provence-Cover-jpg.jpg\"><img loading=\"lazy\" decoding=\"async\" class=\"size-full wp-image-953 aligncenter\" src=\"http:\/\/www.anja-saskia-beyer.com\/wp-content\/uploads\/2018\/04\/tr\u00e4ume-der-Provence-Cover-jpg.jpg\" alt=\"\" width=\"273\" height=\"384\" srcset=\"https:\/\/www.anja-saskia-beyer.com\/wp-content\/uploads\/2018\/04\/tr\u00e4ume-der-Provence-Cover-jpg.jpg 273w, https:\/\/www.anja-saskia-beyer.com\/wp-content\/uploads\/2018\/04\/tr\u00e4ume-der-Provence-Cover-jpg-213x300.jpg 213w\" sizes=\"auto, (max-width: 273px) 100vw, 273px\" \/><\/a><\/p>\n<p><b>Der neue Roman der Kindle-#1-Bestsellerautorin Anja Saskia Beyer \u00fcber ein malerisches Dorf in der Provence, Aprikosentarte und ein Geheimnis. <\/b><\/p>\n<p><i>Manchmal muss etwas verschwinden, damit Hoffnung entsteht. <\/i><\/p>\n<p>Marie ist durch und durch Mutter. Alleinerziehend k\u00e4mpft sie sich mit ihrem 15-j\u00e4hrigen Sohn Robin durchs Leben. Als sie ihren Job verliert und dringend Geld braucht, wei\u00df sie nicht mehr weiter. Doch dann h\u00e4lt das Schicksal eine unerwartete \u00dcberraschung f\u00fcr sie bereit: Als Robin ein Foto von einem Gem\u00e4lde entdeckt, das einst seiner verstorbenen Gro\u00dfmutter geh\u00f6rte, hofft Marie, dass sich das Blatt bald f\u00fcr sie wendet.<\/p>\n<p>Gemeinsam mit ihrem Sohn und ihrem besten Freund Bennett reist Marie in das kleine s\u00fcdfranz\u00f6sische K\u00fcnstlerdorf Saint-Paul de Vence. Eine spannende Suche nach einem l\u00e4ngst verloren geglaubten Gem\u00e4lde beginnt. Was Marie findet, ist das Vertrauen in die Liebe \u2013 und ein gut geh\u00fctetes Familiengeheimnis aus den 1960er Jahren.<\/p>\n<p>Erscheinungstermin: 28. August 2018<\/p>\n","protected":false},"excerpt":{"rendered":"<p>Der neue Roman der Kindle-#1-Bestsellerautorin Anja Saskia Beyer \u00fcber ein malerisches Dorf in der Provence, Aprikosentarte und ein Geheimnis. Manchmal muss etwas verschwinden, damit Hoffnung entsteht. Marie ist durch und durch Mutter. Alleinerziehend k\u00e4mpft sie<a class=\"read-more\" href=\"https:\/\/www.anja-saskia-beyer.com\/?page_id=956\">Continue reading<\/a><\/p>\n","protected":false},"author":1,"featured_media":0,"parent":0,"menu_order":0,"comment_status":"closed","ping_status":"closed","template":"","meta":{"_acf_changed":false,"_kadence_starter_templates_imported_post":false,"footnotes":""},"class_list":["post-956","page","type-page","status-publish","hentry"],"acf":[],"_links":{"self":[{"href":"https:\/\/www.anja-saskia-beyer.com\/index.php?rest_route=\/wp\/v2\/pages\/956","targetHints":{"allow":["GET"]}}],"collection":[{"href":"https:\/\/www.anja-saskia-beyer.com\/index.php?rest_route=\/wp\/v2\/pages"}],"about":[{"href":"https:\/\/www.anja-saskia-beyer.com\/index.php?rest_route=\/wp\/v2\/types\/page"}],"author":[{"embeddable":true,"href":"https:\/\/www.anja-saskia-beyer.com\/index.php?rest_route=\/wp\/v2\/users\/1"}],"replies":[{"embeddable":true,"href":"https:\/\/www.anja-saskia-beyer.com\/index.php?rest_route=%2Fwp%2Fv2%2Fcomments&post=956"}],"version-history":[{"count":1,"href":"https:\/\/www.anja-saskia-beyer.com\/index.php?rest_route=\/wp\/v2\/pages\/956\/revisions"}],"predecessor-version":[{"id":958,"href":"https:\/\/www.anja-saskia-beyer.com\/index.php?rest_route=\/wp\/v2\/pages\/956\/revisions\/958"}],"wp:attachment":[{"href":"https:\/\/www.anja-saskia-beyer.com\/index.php?rest_route=%2Fwp%2Fv2%2Fmedia&parent=956"}],"curies":[{"name":"wp","href":"https:\/\/api.w.org\/{rel}","templated":true}]}}