{"id":90,"date":"2014-03-14T11:36:16","date_gmt":"2014-03-14T09:36:16","guid":{"rendered":"http:\/\/anja-saskia-beyer.com\/?page_id=90"},"modified":"2026-04-02T05:26:54","modified_gmt":"2026-04-02T03:26:54","slug":"home","status":"publish","type":"page","link":"https:\/\/www.anja-saskia-beyer.com\/","title":{"rendered":"Herzlich Willkommen"},"content":{"rendered":"<p><strong>&#8230; auf der Autorenhomepage der Bestsellerautorin und Drehbuchautorin <\/strong><\/p>\n<p><strong>Anja Saskia Beyer (Pseudonyme: Anna Claire, Hanna Lucas)<\/strong>.<\/p>\n<p style=\"text-align: center;\"><a href=\"https:\/\/www.anja-saskia-beyer.com\/wp-content\/uploads\/2020\/02\/Autorenfoto-Anja-Saskia-Beyer-hochaufl\u00f6send-schmaler-4MB.jpg\"><img loading=\"lazy\" decoding=\"async\" class=\"alignnone size-medium wp-image-1128\" src=\"https:\/\/www.anja-saskia-beyer.com\/wp-content\/uploads\/2020\/02\/Autorenfoto-Anja-Saskia-Beyer-hochaufl\u00f6send-schmaler-4MB-300x265.jpg\" alt=\"\" width=\"300\" height=\"265\" srcset=\"https:\/\/www.anja-saskia-beyer.com\/wp-content\/uploads\/2020\/02\/Autorenfoto-Anja-Saskia-Beyer-hochaufl\u00f6send-schmaler-4MB-300x265.jpg 300w, https:\/\/www.anja-saskia-beyer.com\/wp-content\/uploads\/2020\/02\/Autorenfoto-Anja-Saskia-Beyer-hochaufl\u00f6send-schmaler-4MB-1024x905.jpg 1024w, https:\/\/www.anja-saskia-beyer.com\/wp-content\/uploads\/2020\/02\/Autorenfoto-Anja-Saskia-Beyer-hochaufl\u00f6send-schmaler-4MB-768x678.jpg 768w, https:\/\/www.anja-saskia-beyer.com\/wp-content\/uploads\/2020\/02\/Autorenfoto-Anja-Saskia-Beyer-hochaufl\u00f6send-schmaler-4MB-1536x1357.jpg 1536w, https:\/\/www.anja-saskia-beyer.com\/wp-content\/uploads\/2020\/02\/Autorenfoto-Anja-Saskia-Beyer-hochaufl\u00f6send-schmaler-4MB-2048x1809.jpg 2048w, https:\/\/www.anja-saskia-beyer.com\/wp-content\/uploads\/2020\/02\/Autorenfoto-Anja-Saskia-Beyer-hochaufl\u00f6send-schmaler-4MB-520x459.jpg 520w, https:\/\/www.anja-saskia-beyer.com\/wp-content\/uploads\/2020\/02\/Autorenfoto-Anja-Saskia-Beyer-hochaufl\u00f6send-schmaler-4MB-740x654.jpg 740w\" sizes=\"auto, (max-width: 300px) 100vw, 300px\" \/><\/a><\/p>\n<p>Hier findet ihr alles \u00fcber die Romane und Sachb\u00fccher der<br \/><strong style=\"font-size: revert; color: initial;\">f\u00fcnffachen Top 1 Kindle-Bestsellerautorin<\/strong><span style=\"font-size: revert; color: initial;\"> gesamt und <\/span><strong style=\"font-size: revert; color: initial;\">dreifachen Top 1 BILD-Bestsellerautorin<\/strong><span style=\"font-size: revert; color: initial;\"> <br \/><em><strong>(IP: \u00fcber 1,1 Millionen Leser*innen)<\/strong><\/em><br \/><\/span><span style=\"font-size: revert; color: initial;\">sowie \u00fcber ihre Projekte als <\/span><strong style=\"font-size: revert; color: initial;\">Drehbuchautorin und Dramaturgin<\/strong><span style=\"font-size: revert; color: initial;\"> f\u00fcr das Fernsehen (z.B. bei der Lindenstra\u00dfe, F\u00fcr alle F\u00e4lle Stefanie, Verliebt in Berlin, Dahoam is Dahoam u.v.a., insgesamt ca <strong>\u00fcber 200 verfilmte Drehb\u00fccher<\/strong>)<\/span><\/p>\n<p><a href=\"https:\/\/www.anja-saskia-beyer.com\/wp-content\/uploads\/2014\/03\/BILD-Bestseller.png\"><img loading=\"lazy\" decoding=\"async\" class=\"size-full wp-image-873 alignright\" src=\"https:\/\/www.anja-saskia-beyer.com\/wp-content\/uploads\/2014\/03\/BILD-Bestseller.png\" alt=\"\" width=\"172\" height=\"155\" \/><\/a><\/p>\n<p style=\"text-align: left;\"><em><strong>Neu<\/strong>:<\/em> am 10. M\u00e4rz 2026 ist <strong>&#8222;Sieben Sommer ohne dich&#8220;, erschienen und wurde aktuell Top 7 Kindle-Bestseller gesamt und Top 9 BILD-Bestseller!!<br \/>Band 2 der neuen New Adult Romance-Reihe, &#8222;Summerset Island&#8220;, \u00a0erscheint am 21. Juli 2026 und Band 3 voraussichtlich im Herbst 2026<\/strong>. Hier geht es zum Roman: <a href=\"https:\/\/amzn.to\/4j3KBMq\" target=\"_blank\" rel=\"noopener\">Sieben Sommer ohne dich,<\/a><\/p>\n<p style=\"text-align: center;\"><a href=\"https:\/\/www.anja-saskia-beyer.com\/wp-content\/uploads\/2026\/03\/Sunset-Ramadan-Day-1-Quotes-Facebook-Post.png\" data-wp-editing=\"1\"><img loading=\"lazy\" decoding=\"async\" src=\"https:\/\/www.anja-saskia-beyer.com\/wp-content\/uploads\/2026\/03\/Sunset-Ramadan-Day-1-Quotes-Facebook-Post-300x251.png\" alt=\"\" width=\"300\" height=\"251\" \/><\/a><\/p>\n<p style=\"text-align: left;\">Ihre <strong>&#8222;Liebe auf Capri&#8220;-Reihe<\/strong> um die drei Schwestern auf dieser Trauminsel ist erschienen, die B\u00fccher k\u00f6nnen unabh\u00e4ngig voneinander gelesen werden. Es gibt sie als Ebook, Taschenbuch und H\u00f6rbucher. Hier geht es zu Band 1, \u00a02 und 3. (Band 1 wurde #4-Kindle-Bestseller und #5-BILD-Bestseller): .<a href=\"https:\/\/amzn.eu\/d\/02i5IC55\">SOMMERSEHNSUCHT und Limonenbl\u00fcten<\/a><\/p>\n<p><a href=\"https:\/\/www.anja-saskia-beyer.com\/wp-content\/uploads\/2025\/07\/Sommerlektuere-Liebe-auf-Capri-1.png\"><img loading=\"lazy\" decoding=\"async\" class=\"wp-image-1694  aligncenter\" src=\"https:\/\/www.anja-saskia-beyer.com\/wp-content\/uploads\/2025\/07\/Sommerlektuere-Liebe-auf-Capri-1-300x300.png\" alt=\"\" width=\"538\" height=\"538\" srcset=\"https:\/\/www.anja-saskia-beyer.com\/wp-content\/uploads\/2025\/07\/Sommerlektuere-Liebe-auf-Capri-1-300x300.png 300w, https:\/\/www.anja-saskia-beyer.com\/wp-content\/uploads\/2025\/07\/Sommerlektuere-Liebe-auf-Capri-1-1024x1024.png 1024w, https:\/\/www.anja-saskia-beyer.com\/wp-content\/uploads\/2025\/07\/Sommerlektuere-Liebe-auf-Capri-1-150x150.png 150w, https:\/\/www.anja-saskia-beyer.com\/wp-content\/uploads\/2025\/07\/Sommerlektuere-Liebe-auf-Capri-1-768x768.png 768w, https:\/\/www.anja-saskia-beyer.com\/wp-content\/uploads\/2025\/07\/Sommerlektuere-Liebe-auf-Capri-1-520x520.png 520w, https:\/\/www.anja-saskia-beyer.com\/wp-content\/uploads\/2025\/07\/Sommerlektuere-Liebe-auf-Capri-1-740x740.png 740w, https:\/\/www.anja-saskia-beyer.com\/wp-content\/uploads\/2025\/07\/Sommerlektuere-Liebe-auf-Capri-1.png 1080w\" sizes=\"auto, (max-width: 538px) 100vw, 538px\" \/><\/a><\/p>\n<div class=\"a-section a-spacing-small a-padding-small\">\n<p><span style=\"font-size: revert; color: var(--ast-global-color-3); background-color: var(--ast-global-color-5);\">Die <strong>&#8222;Gl\u00fccksfrauen-Trilogie&#8220;<\/strong> hat sie unter ihrem Pseudonym Anna Claire geschrieben. Auch sie gibt es als Ebook, Taschenbuch und H\u00f6rbuch. <\/span><span style=\"font-size: revert; color: var(--ast-global-color-3); background-color: var(--ast-global-color-5);\">\u00a0<strong>Band 3 ging nach wenigen Wochen in die zweite Auflage!<\/strong> Au\u00dferdem wurde die beliebte Saga <strong>in die Niederlande verkauft.<\/strong> Hier geht es zu. <\/span><a style=\"font-size: revert; background-color: var(--ast-global-color-5);\" href=\"https:\/\/www.thalia.de\/shop\/home\/artikeldetails\/A1068442063\" target=\"_blank\" rel=\"noopener\">Die Gl\u00fccksfrauen<\/a><\/p>\n<\/div>\n<p><a href=\"https:\/\/www.anja-saskia-beyer.com\/wp-content\/uploads\/2024\/10\/Gluecksfrauen-Trilogie-Homepage.png\"><img loading=\"lazy\" decoding=\"async\" class=\" wp-image-1644 aligncenter\" src=\"https:\/\/www.anja-saskia-beyer.com\/wp-content\/uploads\/2024\/10\/Gluecksfrauen-Trilogie-Homepage-300x169.png\" alt=\"\" width=\"655\" height=\"369\" srcset=\"https:\/\/www.anja-saskia-beyer.com\/wp-content\/uploads\/2024\/10\/Gluecksfrauen-Trilogie-Homepage-300x169.png 300w, https:\/\/www.anja-saskia-beyer.com\/wp-content\/uploads\/2024\/10\/Gluecksfrauen-Trilogie-Homepage-1024x576.png 1024w, https:\/\/www.anja-saskia-beyer.com\/wp-content\/uploads\/2024\/10\/Gluecksfrauen-Trilogie-Homepage-768x432.png 768w, https:\/\/www.anja-saskia-beyer.com\/wp-content\/uploads\/2024\/10\/Gluecksfrauen-Trilogie-Homepage-520x292.png 520w, https:\/\/www.anja-saskia-beyer.com\/wp-content\/uploads\/2024\/10\/Gluecksfrauen-Trilogie-Homepage-740x416.png 740w, https:\/\/www.anja-saskia-beyer.com\/wp-content\/uploads\/2024\/10\/Gluecksfrauen-Trilogie-Homepage.png 1366w\" sizes=\"auto, (max-width: 655px) 100vw, 655px\" \/><\/a><\/p>\n<h6>Pressestimmen zu den Gl\u00fccksfrauen<\/h6>\n<div class=\"a-section a-spacing-small a-padding-small\">\n<p>&#8222;Sehr ber\u00fchrender erster Teil; so bildhaft geschrieben, dass man meint, mitten im Geschehen zu sein.&#8220;<br \/><span class=\"a-text-bold\">Mainhattan Kurier, 21.11.2023<\/span><\/p>\n<p>&#8222;Eine sehr ber\u00fchrende und mitrei\u00dfend verfasste Erz\u00e4hlung.&#8220;<br \/><span class=\"a-text-bold\">Elfriede Bergold, Medienprofile, 08.02.2024<\/span><\/p>\n<p>Ihre Mallorca-Sehnsucht-Bestseller-Reihe um f\u00fcnf Freundinnen mit ihren kleinen L\u00e4den am Meer, findet ihr hier: <a href=\"https:\/\/amzn.eu\/d\/0diwHxAw\">Mallorca-Sehnsuchts-Reihe<\/a><\/p>\n<p><a href=\"https:\/\/www.anja-saskia-beyer.com\/wp-content\/uploads\/2024\/10\/Mallorca-Sehnsucht-Homepage.png\"><img loading=\"lazy\" decoding=\"async\" class=\" wp-image-1640 aligncenter\" src=\"https:\/\/www.anja-saskia-beyer.com\/wp-content\/uploads\/2024\/10\/Mallorca-Sehnsucht-Homepage-300x169.png\" alt=\"\" width=\"652\" height=\"367\" srcset=\"https:\/\/www.anja-saskia-beyer.com\/wp-content\/uploads\/2024\/10\/Mallorca-Sehnsucht-Homepage-300x169.png 300w, https:\/\/www.anja-saskia-beyer.com\/wp-content\/uploads\/2024\/10\/Mallorca-Sehnsucht-Homepage-1024x576.png 1024w, https:\/\/www.anja-saskia-beyer.com\/wp-content\/uploads\/2024\/10\/Mallorca-Sehnsucht-Homepage-768x432.png 768w, https:\/\/www.anja-saskia-beyer.com\/wp-content\/uploads\/2024\/10\/Mallorca-Sehnsucht-Homepage-520x292.png 520w, https:\/\/www.anja-saskia-beyer.com\/wp-content\/uploads\/2024\/10\/Mallorca-Sehnsucht-Homepage-740x416.png 740w, https:\/\/www.anja-saskia-beyer.com\/wp-content\/uploads\/2024\/10\/Mallorca-Sehnsucht-Homepage.png 1366w\" sizes=\"auto, (max-width: 652px) 100vw, 652px\" \/><\/a><\/p>\n<p><strong>Weitere Romane der Autorin, insgesamt sind es \u00fcber 25, findet ihr auf dieser Homepage unter &#8222;Romane&#8220;.<\/strong><\/p>\n<p><strong>Signierte Romane<\/strong> der Autorin k\u00f6nnen bei der Buchhandlung Montag bestellt werden. info@buchhandlungmontag.berlin, 030\/89650712<\/p>\n<\/div>\n\n\n<p><\/p>\n\n\n\n<p><\/p>\n","protected":false},"excerpt":{"rendered":"<p>&#8230; auf der Autorenhomepage der Bestsellerautorin und Drehbuchautorin Anja Saskia Beyer (Pseudonyme: Anna Claire, Hanna Lucas). Hier findet ihr alles \u00fcber die Romane und Sachb\u00fccher derf\u00fcnffachen Top 1 Kindle-Bestsellerautorin gesamt und dreifachen Top 1 BILD-Bestsellerautorin<a class=\"read-more\" href=\"https:\/\/www.anja-saskia-beyer.com\/\">Continue reading<\/a><\/p>\n","protected":false},"author":1,"featured_media":0,"parent":0,"menu_order":1,"comment_status":"closed","ping_status":"open","template":"","meta":{"_acf_changed":false,"_kadence_starter_templates_imported_post":false,"footnotes":""},"class_list":["post-90","page","type-page","status-publish","hentry"],"acf":[],"_links":{"self":[{"href":"https:\/\/www.anja-saskia-beyer.com\/index.php?rest_route=\/wp\/v2\/pages\/90","targetHints":{"allow":["GET"]}}],"collection":[{"href":"https:\/\/www.anja-saskia-beyer.com\/index.php?rest_route=\/wp\/v2\/pages"}],"about":[{"href":"https:\/\/www.anja-saskia-beyer.com\/index.php?rest_route=\/wp\/v2\/types\/page"}],"author":[{"embeddable":true,"href":"https:\/\/www.anja-saskia-beyer.com\/index.php?rest_route=\/wp\/v2\/users\/1"}],"replies":[{"embeddable":true,"href":"https:\/\/www.anja-saskia-beyer.com\/index.php?rest_route=%2Fwp%2Fv2%2Fcomments&post=90"}],"version-history":[{"count":446,"href":"https:\/\/www.anja-saskia-beyer.com\/index.php?rest_route=\/wp\/v2\/pages\/90\/revisions"}],"predecessor-version":[{"id":1850,"href":"https:\/\/www.anja-saskia-beyer.com\/index.php?rest_route=\/wp\/v2\/pages\/90\/revisions\/1850"}],"wp:attachment":[{"href":"https:\/\/www.anja-saskia-beyer.com\/index.php?rest_route=%2Fwp%2Fv2%2Fmedia&parent=90"}],"curies":[{"name":"wp","href":"https:\/\/api.w.org\/{rel}","templated":true}]}}