{"id":58,"date":"2014-03-06T16:36:43","date_gmt":"2014-03-06T14:36:43","guid":{"rendered":"http:\/\/anja-saskia-beyer.com\/?page_id=58"},"modified":"2026-04-01T11:39:42","modified_gmt":"2026-04-01T09:39:42","slug":"ueber-mich","status":"publish","type":"page","link":"https:\/\/www.anja-saskia-beyer.com\/?page_id=58","title":{"rendered":"\u00dcber die Autorin"},"content":{"rendered":"\n<p><br>Anja Saskia Beyer studierte Theater-, Kommunikationswissenschaft und Werbepsychologie in M\u00fcnchen. Sie arbeitet s<strong>eit \u00fcber zwanzig Jahren erfolgreich als Drehbuchautorin und Dramaturgin f\u00fcr das Fernsehen<\/strong>. Seit 2013 schreibt sie auch Romane, darunter <strong>f\u00fcnf #1-Kindle-Bestseller und drei #1-BILD-Bestseller<\/strong>, auch all ihre anderen Romane eroberten die Bestsellerlisten.<\/p>\n\n\n\n<p>Die Autorin nimmt ihre Leser in \u00bb<strong>Mandelbl\u00fctenliebe<\/strong>\u00ab und in \u00bb<strong>Das kleine Caf\u00e9 am Meer<\/strong>\u00ab mit nach Mallorca, in \u00bb<strong>Erdbeeren im Sommer<\/strong>\u00ab, in \u00bb<strong>Die Sterne \u00fcber Venedig<\/strong>\u00ab, in \u00bb<strong>Die geheimnis\u00advollen G\u00e4rten der Toskana<\/strong>\u00ab und in &#8222;<strong>Sommerleuchten in der Toskana<\/strong>&#8220; nach Italien, in \u00bb<strong>Nelkenliebe<\/strong>\u00ab ins wunder\u00adsch\u00f6ne Portugal, in \u00bb<strong>Tr\u00e4ume der Provence<\/strong>\u00ab ins malerische Frankreich. \u00bb<strong>Zeit der Pfirsichbl\u00fcte<\/strong>\u00ab f\u00fchrt seine Leser nach Barcelona und zu den traumhaft bl\u00fchenden Pfirsichfeldern dort in der N\u00e4he. Ihre unterhaltsamen Sachb\u00fccher sind &#8222;<strong>Frau im Gl\u00fcck<\/strong>&#8220; und &#8222;<strong>Ich im Gl\u00fcck<\/strong>&#8220; (mit Charly von Feyerabend)<\/p>\n\n\n\n<p>Ihre <strong>Mallorca-Sehnsucht-Bestseller-Reihe<\/strong> entf\u00fchrt die Leser auf die Trauminsel, mit &#8222;Inselliebe und Meer&#8220;, &#8222;Inseltr\u00e4ume und Meer&#8220;, &#8222;Inselbl\u00fcten und Meer&#8220;, &#8222;Inselperlen und Meer&#8220; und &#8222;Inselduft und Meer&#8220;. Alle B\u00e4nde k\u00f6nnen unabh\u00e4ngig voneinander gelesen werden und sind wie ein kleiner Kurzurlaub bei den Freundinnen am Meer.<\/p>\n\n\n\n<p>Unter ihrem Pseudonym Hanna Lucas ist ihr historischer Roman &#8222;<strong>Die Engel von Berlin<\/strong>&#8220; bei Knaur erschienen.<\/p>\n\n\n\n<p>Bei L\u00fcbbe unter ihrem Pseudonym Anna Claire ihre <strong>Gl\u00fccksfrauen-Trilogie<\/strong>. &#8222;Die Gl\u00fccksfrauen &#8211; Der Geschmack der Freiheit&#8220;, (Band 1), &#8222;Die Gl\u00fccksfrauen &#8211; Die Kraft der B\u00fccher&#8220; (Band 2), &#8222;Die Gl\u00fccksfrauen &#8211; Das Geheimnis der Rosen&#8220; (Band 3). Sie wurde auch ins Niederl\u00e4ndische \u00fcbersetzt.<\/p>\n\n\n\n<p>Mit ihrer <strong>Liebe auf Capri-Reihe<\/strong> werden die Leser auf diese Trauminsel entf\u00fchrt.  Nach &#8222;Sommersehnsucht und Limonenbl\u00fcten&#8220; und &#8222;Sommersehnsucht und Meeresglitzern&#8220;, ist auch &#8222;Sommersehnsucht und Gl\u00fccksgef\u00fchle&#8220; erschienen.<\/p>\n\n\n\n<p>Ihre neue <strong>New Adult Romance Reihe Summerset Island<\/strong> (Band 1) &#8222;<strong>Sieben Sommer ohne dich&#8220;<\/strong> und <strong>&#8222;Sieben Jahre bis zu dir&#8220;<\/strong> (Band 2), spielt auf einer fiktiven Insel an der Westk\u00fcste Kanadas. Band 3 ist schon in Arbeit.<\/p>\n\n\n\n<p>Anja Saskia Beyer lebt mit ihrer Familie und ihrem Hund in Berlin.<\/p>\n\n\n\n<p>www.facebook.com\/AnjaSaskiaBeyer<br>www.Anja-Saskia-Beyer.com<br>www.instagram.com\/AnjaSaskiaBeyer<\/p>\n\n\n\n<p><\/p>\n\n\n\n<p>Anja Saskia Beyer studied dramatics, communications and advertising psychology in Munich and has worked successfully as a TV scriptwriter. Her debut novel became an instant e-book bestseller in 2013. Since then she has published a lot of bestseller.<\/p>\n\n\n\n<p>She lives in Berlin with her family\u2014husband, children and a dog.<\/p>\n","protected":false},"excerpt":{"rendered":"<p>Anja Saskia Beyer studierte Theater-, Kommunikationswissenschaft und Werbepsychologie in M\u00fcnchen. Sie arbeitet seit \u00fcber zwanzig Jahren erfolgreich als Drehbuchautorin und Dramaturgin f\u00fcr das Fernsehen. Seit 2013 schreibt sie auch Romane, darunter f\u00fcnf #1-Kindle-Bestseller und drei<a class=\"read-more\" href=\"https:\/\/www.anja-saskia-beyer.com\/?page_id=58\">Continue reading<\/a><\/p>\n","protected":false},"author":1,"featured_media":0,"parent":0,"menu_order":4,"comment_status":"closed","ping_status":"closed","template":"","meta":{"_acf_changed":false,"_kadence_starter_templates_imported_post":false,"footnotes":""},"class_list":["post-58","page","type-page","status-publish","hentry"],"acf":[],"_links":{"self":[{"href":"https:\/\/www.anja-saskia-beyer.com\/index.php?rest_route=\/wp\/v2\/pages\/58","targetHints":{"allow":["GET"]}}],"collection":[{"href":"https:\/\/www.anja-saskia-beyer.com\/index.php?rest_route=\/wp\/v2\/pages"}],"about":[{"href":"https:\/\/www.anja-saskia-beyer.com\/index.php?rest_route=\/wp\/v2\/types\/page"}],"author":[{"embeddable":true,"href":"https:\/\/www.anja-saskia-beyer.com\/index.php?rest_route=\/wp\/v2\/users\/1"}],"replies":[{"embeddable":true,"href":"https:\/\/www.anja-saskia-beyer.com\/index.php?rest_route=%2Fwp%2Fv2%2Fcomments&post=58"}],"version-history":[{"count":40,"href":"https:\/\/www.anja-saskia-beyer.com\/index.php?rest_route=\/wp\/v2\/pages\/58\/revisions"}],"predecessor-version":[{"id":1849,"href":"https:\/\/www.anja-saskia-beyer.com\/index.php?rest_route=\/wp\/v2\/pages\/58\/revisions\/1849"}],"wp:attachment":[{"href":"https:\/\/www.anja-saskia-beyer.com\/index.php?rest_route=%2Fwp%2Fv2%2Fmedia&parent=58"}],"curies":[{"name":"wp","href":"https:\/\/api.w.org\/{rel}","templated":true}]}}