{"id":467,"date":"2016-08-14T14:26:31","date_gmt":"2016-08-14T12:26:31","guid":{"rendered":"http:\/\/www.anja-saskia-beyer.com\/?page_id=467"},"modified":"2026-02-11T13:10:18","modified_gmt":"2026-02-11T11:10:18","slug":"mandelbluetenliebe","status":"publish","type":"page","link":"https:\/\/www.anja-saskia-beyer.com\/?page_id=467","title":{"rendered":"Mandelbl\u00fctenliebe"},"content":{"rendered":"<p><a href=\"http:\/\/www.anja-saskia-beyer.com\/wp-content\/uploads\/2014\/03\/Beyer-Anja-Saskia-Mandelbluetenliebe-Cover-end.jpg\"><img loading=\"lazy\" decoding=\"async\" class=\"size-medium wp-image-439 alignleft\" src=\"http:\/\/www.anja-saskia-beyer.com\/wp-content\/uploads\/2014\/03\/Beyer-Anja-Saskia-Mandelbluetenliebe-Cover-end-203x300.jpg\" alt=\"Beyer, Anja Saskia-Mandelbluetenliebe-Cover end\" width=\"203\" height=\"300\" srcset=\"https:\/\/www.anja-saskia-beyer.com\/wp-content\/uploads\/2014\/03\/Beyer-Anja-Saskia-Mandelbluetenliebe-Cover-end-203x300.jpg 203w, https:\/\/www.anja-saskia-beyer.com\/wp-content\/uploads\/2014\/03\/Beyer-Anja-Saskia-Mandelbluetenliebe-Cover-end-693x1024.jpg 693w, https:\/\/www.anja-saskia-beyer.com\/wp-content\/uploads\/2014\/03\/Beyer-Anja-Saskia-Mandelbluetenliebe-Cover-end-700x1033.jpg 700w, https:\/\/www.anja-saskia-beyer.com\/wp-content\/uploads\/2014\/03\/Beyer-Anja-Saskia-Mandelbluetenliebe-Cover-end.jpg 1488w\" sizes=\"auto, (max-width: 203px) 100vw, 203px\" \/><\/a><\/p>\n<p><img decoding=\"async\" id=\"cc-m-imagesubtitle-image-10803650198\" src=\"https:\/\/image.jimcdn.com\/app\/cms\/image\/transf\/dimension=223x10000:format=png\/path\/se99ba45183124fb0\/image\/i498e837458a2bb28\/version\/1477473044\/image.png\" sizes=\"(min-width: 223px) 223px, 100vw\" srcset=\"https:\/\/image.jimcdn.com\/app\/cms\/image\/transf\/dimension=223x10000:format=png\/path\/se99ba45183124fb0\/image\/i498e837458a2bb28\/version\/1477473044\/image.png 223w, https:\/\/image.jimcdn.com\/app\/cms\/image\/transf\/none\/path\/se99ba45183124fb0\/image\/i498e837458a2bb28\/version\/1477473044\/image.png 240w\" alt=\"\" data-src=\"https:\/\/image.jimcdn.com\/app\/cms\/image\/transf\/dimension=223x10000:format=png\/path\/se99ba45183124fb0\/image\/i498e837458a2bb28\/version\/1477473044\/image.png\" data-image-id=\"7412469198\" data-src-height=\"155\" data-src-width=\"240\" \/>Am 13. September erschien &#8222;Mandelbl\u00fctenliebe&#8220; bei Amazon Publishing und eroberte im Sturm die Charts. Am ersten Tag Top 74, nach vier Tagen in den\u00a0 Top 10 der Amazon Kindle-Charts und\u00a0<strong>zweieinhalb Wochen nach Erscheinen Top 1 Amazon Bestseller gesamt<\/strong>!! Er hat sogar <strong>Harry Potter \u00fcberholt\u00a0 und wurde BILD-Bestseller Top 4.<\/strong>\u00a0 Vielen Dank, vor allem auch f\u00fcr die wundersch\u00f6nen Rezensionen.<\/p>\n<p><a href=\"http:\/\/www.anja-saskia-beyer.com\/wp-content\/uploads\/2016\/08\/BILD-Bestseller-4.jpg.png\"><img loading=\"lazy\" decoding=\"async\" class=\"alignnone size-medium wp-image-570\" src=\"http:\/\/www.anja-saskia-beyer.com\/wp-content\/uploads\/2016\/08\/BILD-Bestseller-4.jpg-169x300.png\" alt=\"bild-bestseller-4-jpg\" width=\"169\" height=\"300\" srcset=\"https:\/\/www.anja-saskia-beyer.com\/wp-content\/uploads\/2016\/08\/BILD-Bestseller-4.jpg-169x300.png 169w, https:\/\/www.anja-saskia-beyer.com\/wp-content\/uploads\/2016\/08\/BILD-Bestseller-4.jpg-768x1365.png 768w, https:\/\/www.anja-saskia-beyer.com\/wp-content\/uploads\/2016\/08\/BILD-Bestseller-4.jpg-576x1024.png 576w, https:\/\/www.anja-saskia-beyer.com\/wp-content\/uploads\/2016\/08\/BILD-Bestseller-4.jpg-700x1244.png 700w, https:\/\/www.anja-saskia-beyer.com\/wp-content\/uploads\/2016\/08\/BILD-Bestseller-4.jpg.png 1080w\" sizes=\"auto, (max-width: 169px) 100vw, 169px\" \/><\/a><\/p>\n<\/p>\n<p><a href=\"http:\/\/www.anja-saskia-beyer.com\/wp-content\/uploads\/2016\/08\/Amazon-Bestseller-Top-1-Bilder.jpg\"><img loading=\"lazy\" decoding=\"async\" class=\"alignnone size-medium wp-image-566\" src=\"http:\/\/www.anja-saskia-beyer.com\/wp-content\/uploads\/2016\/08\/Amazon-Bestseller-Top-1-Bilder-300x225.jpg\" alt=\"amazon-bestseller-top-1-bilder\" width=\"300\" height=\"225\" srcset=\"https:\/\/www.anja-saskia-beyer.com\/wp-content\/uploads\/2016\/08\/Amazon-Bestseller-Top-1-Bilder-300x225.jpg 300w, https:\/\/www.anja-saskia-beyer.com\/wp-content\/uploads\/2016\/08\/Amazon-Bestseller-Top-1-Bilder-768x576.jpg 768w, https:\/\/www.anja-saskia-beyer.com\/wp-content\/uploads\/2016\/08\/Amazon-Bestseller-Top-1-Bilder-1024x768.jpg 1024w, https:\/\/www.anja-saskia-beyer.com\/wp-content\/uploads\/2016\/08\/Amazon-Bestseller-Top-1-Bilder-700x525.jpg 700w, https:\/\/www.anja-saskia-beyer.com\/wp-content\/uploads\/2016\/08\/Amazon-Bestseller-Top-1-Bilder.jpg 2048w\" sizes=\"auto, (max-width: 300px) 100vw, 300px\" \/><\/a><\/p>\n<p>Kurzinhalt:<\/p>\n<p>Als Milla in Berlin vom Tod ihrer spanischen Gro\u00dfmutter erf\u00e4hrt, ist sie mehr als \u00fcberrascht. Dachte sie doch, ihre Gro\u00dfmutter sei schon vor vielen Jahren verstorben. Zumindest hatte das ihre Mutter immer behauptet. Und jetzt das: Beerdigung in zwei Tagen. Als sei ihre Gef\u00fchlswelt nicht schon durcheinander genug. In wenigen Wochen wollte sie heiraten. Eigentlich. Doch ist Paul wirklich die gro\u00dfe Liebe? Und warum, verdammt noch mal, hatte ihre Mutter sie angelogen?<\/p>\n<p>Das geheimnisvolle Verm\u00e4chtnis der Gro\u00dfmutter f\u00fchrt Mutter und Tochter in die engen Gassen der Altstadt von Palma de Mallorca und in die vergessene j\u00fcdische Vergangenheit der Insel. W\u00e4hrend der Mandelbl\u00fcte kommen sich die beiden Frauen endlich wieder n\u00e4her, Milla lernt Leandro kennen und entdeckt in der Geschichte der Gro\u00dfmutter auch ihre eigene. Doch dann taucht Paul auf, und Milla steht vor einer Entscheidung.<\/p>\n<p>Pressestimmen:<\/p>\n<p>&#8222;Neue Liebesromane&#8220; hat Anja Saskia Beyer gleich zur Autorin der Woche gek\u00fcrt:<\/p>\n<p>http:\/\/neueliebesromane.de\/autorin-der-woche\/<\/p>\n<p>Auf &#8222;Leserkanone&#8220; gibt es ein Exclusiv-Interview mit Anja Saskia Beyer<\/p>\n<p>http:\/\/www.leserkanone.de\/index.php?befehl=autoren&#038;autor=4213&#038;interview=380<\/p>\n<\/p>\n<p>Und eine ganz liebe, wunderbare Bloggerin, Regina, von Rinas B\u00fccherblog, hat einen ganz tollen Buchtrailer zu &#8222;Mandelbl\u00fctenliebe&#8220; erstellt, wof\u00fcr ich ihr sehr sehr danke!<\/p>\n<p><iframe loading=\"lazy\" hcb-fetch-image-from=\"https:\/\/www.youtube.com\/watch?v=z1FOv5WQoB0\" title=\"Film zum Buch\" width=\"1170\" height=\"658\" src=\"https:\/\/www.youtube.com\/embed\/z1FOv5WQoB0?feature=oembed\" frameborder=\"0\" allow=\"accelerometer; autoplay; clipboard-write; encrypted-media; gyroscope; picture-in-picture\" allowfullscreen><\/iframe><\/p>\n<p><a href=\"https:\/\/www.youtube.com\/watch?v=z1FOv5WQoB0\"><span style=\"margin: 0px; font-family: 'Courier New';\"><span style=\"color: #000000;\">\u00a0<\/span><\/span><\/a><\/p>\n\n\n<figure class=\"wp-block-image\"><a href=\"https:\/\/www.anja-saskia-beyer.com\/wp-content\/uploads\/2020\/11\/51oQNJEnbNL.jpg\"><img loading=\"lazy\" decoding=\"async\" width=\"322\" height=\"500\" src=\"https:\/\/www.anja-saskia-beyer.com\/wp-content\/uploads\/2020\/11\/51oQNJEnbNL.jpg\" alt=\"\" class=\"wp-image-1226\" srcset=\"https:\/\/www.anja-saskia-beyer.com\/wp-content\/uploads\/2020\/11\/51oQNJEnbNL.jpg 322w, https:\/\/www.anja-saskia-beyer.com\/wp-content\/uploads\/2020\/11\/51oQNJEnbNL-193x300.jpg 193w\" sizes=\"auto, (max-width: 322px) 100vw, 322px\" \/><\/a><\/figure>\n\n\n\n<p>Die englische \u00dcbersetzung von &#8222;Mandelbl\u00fctenliebe&#8220; erschien am 8. Dezember 2020<\/p>\n\n\n\n<p><strong>Love and loss are in the air as the almond blossom falls.<\/strong><\/p>\n\n\n\n<p>Milla has always felt alone in the world. The only child of a distant mother, she has no other family, and even her forthcoming marriage to Paul feels more like settling than true romance. But then a letter arrives, announcing that a Spanish grandmother she knew nothing about has recently died and left her a small shop in Mallorca.<\/p>\n\n\n\n<p>Milla is confused and hurt, but determined to uncover the truth. She travels to Palma, where she is enchanted by the beauty of the old town in springtime. At the shop she now owns, she meets Leandro, a handsome local who helps her piece together the story of her grandmother, Abbi. But it\u2019s a story full of unexpected secrets, of hidden love and bitter betrayal, and it challenges everything Milla thought she knew about her family\u2014and herself.<\/p>\n\n\n\n<p>Faced with these new truths, Milla has a difficult choice to make. Will she go back to Paul and be the person she was before, or follow her heart on a blossom-strewn island?<\/p>\n\n\n\n<p><\/p>\n\n\n\n<p>Und es gibt auch eine spanische \u00dcbersetzung: <\/p>\n","protected":false},"excerpt":{"rendered":"<p>Am 13. September erschien &#8222;Mandelbl\u00fctenliebe&#8220; bei Amazon Publishing und eroberte im Sturm die Charts. Am ersten Tag Top 74, nach vier Tagen in den\u00a0 Top 10 der Amazon Kindle-Charts und\u00a0zweieinhalb Wochen nach Erscheinen Top 1<a class=\"read-more\" href=\"https:\/\/www.anja-saskia-beyer.com\/?page_id=467\">Continue reading<\/a><\/p>\n","protected":false},"author":1,"featured_media":0,"parent":0,"menu_order":0,"comment_status":"closed","ping_status":"closed","template":"","meta":{"_acf_changed":false,"_kadence_starter_templates_imported_post":false,"footnotes":""},"class_list":["post-467","page","type-page","status-publish","hentry"],"acf":[],"_links":{"self":[{"href":"https:\/\/www.anja-saskia-beyer.com\/index.php?rest_route=\/wp\/v2\/pages\/467","targetHints":{"allow":["GET"]}}],"collection":[{"href":"https:\/\/www.anja-saskia-beyer.com\/index.php?rest_route=\/wp\/v2\/pages"}],"about":[{"href":"https:\/\/www.anja-saskia-beyer.com\/index.php?rest_route=\/wp\/v2\/types\/page"}],"author":[{"embeddable":true,"href":"https:\/\/www.anja-saskia-beyer.com\/index.php?rest_route=\/wp\/v2\/users\/1"}],"replies":[{"embeddable":true,"href":"https:\/\/www.anja-saskia-beyer.com\/index.php?rest_route=%2Fwp%2Fv2%2Fcomments&post=467"}],"version-history":[{"count":13,"href":"https:\/\/www.anja-saskia-beyer.com\/index.php?rest_route=\/wp\/v2\/pages\/467\/revisions"}],"predecessor-version":[{"id":1802,"href":"https:\/\/www.anja-saskia-beyer.com\/index.php?rest_route=\/wp\/v2\/pages\/467\/revisions\/1802"}],"wp:attachment":[{"href":"https:\/\/www.anja-saskia-beyer.com\/index.php?rest_route=%2Fwp%2Fv2%2Fmedia&parent=467"}],"curies":[{"name":"wp","href":"https:\/\/api.w.org\/{rel}","templated":true}]}}