{"id":267,"date":"2015-09-06T13:50:19","date_gmt":"2015-09-06T11:50:19","guid":{"rendered":"http:\/\/www.anja-saskia-beyer.com\/?page_id=267"},"modified":"2016-08-14T14:24:09","modified_gmt":"2016-08-14T12:24:09","slug":"liebe-dich-immer","status":"publish","type":"page","link":"https:\/\/www.anja-saskia-beyer.com\/?page_id=267","title":{"rendered":"Liebe Dich &#8211; immer"},"content":{"rendered":"<p><a href=\"http:\/\/www.anja-saskia-beyer.com\/wp-content\/uploads\/2015\/09\/20150904-cover-print-front-final-2.jpg\"><img loading=\"lazy\" decoding=\"async\" src=\"http:\/\/www.anja-saskia-beyer.com\/wp-content\/uploads\/2015\/09\/20150904-cover-print-front-final-2-200x300.jpg\" alt=\"20150904 cover print front final (2)\" width=\"200\" height=\"300\" class=\"alignnone size-medium wp-image-269\" srcset=\"https:\/\/www.anja-saskia-beyer.com\/wp-content\/uploads\/2015\/09\/20150904-cover-print-front-final-2-200x300.jpg 200w, https:\/\/www.anja-saskia-beyer.com\/wp-content\/uploads\/2015\/09\/20150904-cover-print-front-final-2-682x1024.jpg 682w, https:\/\/www.anja-saskia-beyer.com\/wp-content\/uploads\/2015\/09\/20150904-cover-print-front-final-2-700x1049.jpg 700w, https:\/\/www.anja-saskia-beyer.com\/wp-content\/uploads\/2015\/09\/20150904-cover-print-front-final-2.jpg 1667w\" sizes=\"auto, (max-width: 200px) 100vw, 200px\" \/><\/a><\/p>\n<p>Emma Thompson ist jung, Studentin und allein. Seit einem zutiefst verst\u00f6renden Erlebnis vor ein paar Jahren hat sie das Vertrauen in M\u00e4nner verloren.<br \/>\nAls ihre quirlige Mutter zu ihrer Jugendliebe ins gro\u00dfe Berlin ziehen will, geht Emma mit und versucht einen Neuanfang.<br \/>\nDabei lernt sie an der Uni den Surfer und Studenten Ben, Mitte 20, kennen \u2013 ziemlich attraktiv und unnahbar.<br \/>\nTrotz seiner abweisenden Art f\u00fchlt sich Emma zu Ben hingezogen.<br \/>\nAber auch er tr\u00e4gt schon viel zu lange ein Geheimnis mit sich herum. Schaffen es Emma und Ben, wieder zu vertrauen und bedingungslos zu lieben? <\/p>\n<p>Dies ist der 1. Band einer Liebesromanreihe, bei der alle B\u00fccher unabh\u00e4ngig voneinander gelesen werden k\u00f6nnen. <\/p>\n<p>Nach einer Woche ist &#8222;Liebe Dich &#8211; immer&#8220; bereits auf Top 8 Bestseller Amazon &#8222;Liebesroman f\u00fcr junge Erwachsene&#8220; und Top 15 &#8222;Dramatik&#8220;. Ich freue mich riesig und danke euch!<\/p>\n","protected":false},"excerpt":{"rendered":"<p>Emma Thompson ist jung, Studentin und allein. Seit einem zutiefst verst\u00f6renden Erlebnis vor ein paar Jahren hat sie das Vertrauen in M\u00e4nner verloren. Als ihre quirlige Mutter zu ihrer Jugendliebe ins gro\u00dfe Berlin ziehen will,<a class=\"read-more\" href=\"https:\/\/www.anja-saskia-beyer.com\/?page_id=267\">Continue reading<\/a><\/p>\n","protected":false},"author":1,"featured_media":0,"parent":0,"menu_order":0,"comment_status":"open","ping_status":"open","template":"","meta":{"_acf_changed":false,"_kadence_starter_templates_imported_post":false,"footnotes":""},"class_list":["post-267","page","type-page","status-publish","hentry"],"acf":[],"_links":{"self":[{"href":"https:\/\/www.anja-saskia-beyer.com\/index.php?rest_route=\/wp\/v2\/pages\/267","targetHints":{"allow":["GET"]}}],"collection":[{"href":"https:\/\/www.anja-saskia-beyer.com\/index.php?rest_route=\/wp\/v2\/pages"}],"about":[{"href":"https:\/\/www.anja-saskia-beyer.com\/index.php?rest_route=\/wp\/v2\/types\/page"}],"author":[{"embeddable":true,"href":"https:\/\/www.anja-saskia-beyer.com\/index.php?rest_route=\/wp\/v2\/users\/1"}],"replies":[{"embeddable":true,"href":"https:\/\/www.anja-saskia-beyer.com\/index.php?rest_route=%2Fwp%2Fv2%2Fcomments&post=267"}],"version-history":[{"count":3,"href":"https:\/\/www.anja-saskia-beyer.com\/index.php?rest_route=\/wp\/v2\/pages\/267\/revisions"}],"predecessor-version":[{"id":466,"href":"https:\/\/www.anja-saskia-beyer.com\/index.php?rest_route=\/wp\/v2\/pages\/267\/revisions\/466"}],"wp:attachment":[{"href":"https:\/\/www.anja-saskia-beyer.com\/index.php?rest_route=%2Fwp%2Fv2%2Fmedia&parent=267"}],"curies":[{"name":"wp","href":"https:\/\/api.w.org\/{rel}","templated":true}]}}