{"id":233,"date":"2015-08-26T17:58:46","date_gmt":"2015-08-26T15:58:46","guid":{"rendered":"http:\/\/www.anja-saskia-beyer.com\/?page_id=233"},"modified":"2015-08-26T17:58:49","modified_gmt":"2015-08-26T15:58:49","slug":"himbeersommer","status":"publish","type":"page","link":"https:\/\/www.anja-saskia-beyer.com\/?page_id=233","title":{"rendered":"Himbeersommer"},"content":{"rendered":"<p><a href=\"http:\/\/anja-saskia-beyer.com\/wp-content\/uploads\/2014\/03\/himbeersommer187schatten.png\"><img loading=\"lazy\" decoding=\"async\" src=\"http:\/\/anja-saskia-beyer.com\/wp-content\/uploads\/2014\/03\/himbeersommer187schatten-189x300.png\" alt=\"himbeersommer187schatten\" width=\"189\" height=\"300\" class=\"alignnone size-medium wp-image-84\" srcset=\"https:\/\/www.anja-saskia-beyer.com\/wp-content\/uploads\/2014\/03\/himbeersommer187schatten-189x300.png 189w, https:\/\/www.anja-saskia-beyer.com\/wp-content\/uploads\/2014\/03\/himbeersommer187schatten.png 192w\" sizes=\"auto, (max-width: 189px) 100vw, 189px\" \/><\/a><\/p>\n<p>\u201cHimbeersommer\u201d \u2013 Doy\u00e9 Verlag &#8211; ein am\u00fcsanter Frauenroman;<br \/>erh\u00e4ltlich bei <a style=\"color: #0033cc;\" href=\"http:\/\/amzn.to\/WMJUcK\">Amazon<\/a>.<\/p>\n<p>Irgendwie geh\u00f6rt zu einer gl\u00fccklichen Beziehung doch auch ein Kind, findet Nora. Die chaotische Architektin und ihr langj\u00e4hriger Freund Tobias probieren es schon seit zwei Jahren. Doch Sex nach Terminplan ist alles andere als Leidenschaft pur. Um ihre Beziehung zu retten, kommt Nora auf eine au\u00dfergew\u00f6hnliche, verr\u00fcckte Idee. \u201eDu spinnst\u201c, findet Jacky ihre beste Freundin, doch Nora l\u00e4sst sich nicht beirren und verfolgt ihren Plan.<\/p>\n<p>Als sie sich dann in den unversch\u00e4mt-charmanten Daniel verliebt, der zw\u00f6lf Jahre und hundert Falten j\u00fcnger ist als sie, geht der Schlamassel richtig los. Nora wird Mutter und ihr Leben noch turbulenter als je zuvor. Und dann muss sich Nora entscheiden: F\u00fcr den besten Vater f\u00fcr ihr Kind und den Mann, den sie liebt.<\/p>\n<p><strong>Erschienen im Doy\u00e9 Verlag<\/strong><\/p>\n<div>Himbeersommer war gleich <strong>Top 1 in Liebe<\/strong> und auf <strong>Top 3 Humor in den amazon bestseller<\/strong> Charts, dann <strong>54 Tagen in den Top 100 der Amazon Bestseller<\/strong> gesamt<\/div>\n<div>und war <strong>\u00fcber neun Monate in den Top 100 Humor Bestseller<\/strong>! \ud83d\ude42<\/div>\n<div>Ich freu mich so! Und herzlichen Dank an alle meine Leserinnen! (Und Leser nat\u00fcrlich auch)<\/div>\n<p>Lesermeinungen:<\/p>\n<p>\u201e\u2026 locker flockig, gew\u00fcrzt mit einer ordentlichen Prise trockenen Humors.\u201c (Irve)<\/p>\n<p>\u201e Herrlich temporeich, ironisch und witzig. Gro\u00dfartiges Buch!!! (Friedenauerin)<\/p>\n<p>\u201e\u2026eine wahre Bridget Jones.\u201c (Sabina)<\/p>\n<p>\u201eerinnert an die M\u00fctter-Mafia-Reihe von Kerstin Gier. F\u00fcr alle, die diese B\u00fccher lieben, sollten auch dieses unbedingt lesen!\u201c (Januar 12)<\/p>\n<p>\u201eperfekte Urlaubslekt\u00fcre, die durch einen spritzig-sarkastischen Schreibstil \u00fcberzeugt.\u201c (Dagmar)<\/p>\n","protected":false},"excerpt":{"rendered":"<p>\u201cHimbeersommer\u201d \u2013 Doy\u00e9 Verlag &#8211; ein am\u00fcsanter Frauenroman;erh\u00e4ltlich bei Amazon. Irgendwie geh\u00f6rt zu einer gl\u00fccklichen Beziehung doch auch ein Kind, findet Nora. Die chaotische Architektin und ihr langj\u00e4hriger Freund Tobias probieren es schon seit zwei<a class=\"read-more\" href=\"https:\/\/www.anja-saskia-beyer.com\/?page_id=233\">Continue reading<\/a><\/p>\n","protected":false},"author":1,"featured_media":0,"parent":0,"menu_order":0,"comment_status":"open","ping_status":"open","template":"","meta":{"_acf_changed":false,"_kadence_starter_templates_imported_post":false,"footnotes":""},"class_list":["post-233","page","type-page","status-publish","hentry"],"acf":[],"_links":{"self":[{"href":"https:\/\/www.anja-saskia-beyer.com\/index.php?rest_route=\/wp\/v2\/pages\/233","targetHints":{"allow":["GET"]}}],"collection":[{"href":"https:\/\/www.anja-saskia-beyer.com\/index.php?rest_route=\/wp\/v2\/pages"}],"about":[{"href":"https:\/\/www.anja-saskia-beyer.com\/index.php?rest_route=\/wp\/v2\/types\/page"}],"author":[{"embeddable":true,"href":"https:\/\/www.anja-saskia-beyer.com\/index.php?rest_route=\/wp\/v2\/users\/1"}],"replies":[{"embeddable":true,"href":"https:\/\/www.anja-saskia-beyer.com\/index.php?rest_route=%2Fwp%2Fv2%2Fcomments&post=233"}],"version-history":[{"count":2,"href":"https:\/\/www.anja-saskia-beyer.com\/index.php?rest_route=\/wp\/v2\/pages\/233\/revisions"}],"predecessor-version":[{"id":239,"href":"https:\/\/www.anja-saskia-beyer.com\/index.php?rest_route=\/wp\/v2\/pages\/233\/revisions\/239"}],"wp:attachment":[{"href":"https:\/\/www.anja-saskia-beyer.com\/index.php?rest_route=%2Fwp%2Fv2%2Fmedia&parent=233"}],"curies":[{"name":"wp","href":"https:\/\/api.w.org\/{rel}","templated":true}]}}