{"id":19,"date":"2014-03-06T13:08:06","date_gmt":"2014-03-06T11:08:06","guid":{"rendered":"http:\/\/anja-saskia-beyer.com\/?page_id=19"},"modified":"2026-02-07T15:23:41","modified_gmt":"2026-02-07T13:23:41","slug":"drehbuch","status":"publish","type":"page","link":"https:\/\/www.anja-saskia-beyer.com\/?page_id=19","title":{"rendered":"Drehbuch"},"content":{"rendered":"<p>Seit 1996 arbeite ich erfolgreich als Drehbuchautorin f\u00fcr viele Fernsehprojekte (und auch als Dramaturgin), inzwischen sind es \u00fcber 200 verfilmte Drehb\u00fccher:<\/p>\n<p><strong>Fernsehfilm, Romanverfilmung des #1-Bestseller &#8222;Mandelbl\u00fctenliebe&#8220; von Anja Saskia Beyer, <\/strong>2023, Drehbuchautorin eines Expos\u00e9s f\u00fcr zwei 90-Min\u00fcter, 2023,\u00a0f\u00fcr\u00a0Sunny Side Up Productions SL, Mallorca, Ulrich Stiehm und Rolf Wappenschmitt<\/p>\n<p><strong>Krimi-Reihe\u00a0 &#8222;Sophie&#8220;<\/strong>, 2017, ARD, Rewrite, Andreas Bareiss Filmproduktion, vom BR ausgew\u00e4hlt f\u00fcr ARD-Einreichung<\/p>\n<p><strong>Fernsehfilm, f\u00fcr ZDF Hauptabend-Reihe, <\/strong>2017-2018, Expos\u00e9 &#8222;Rosamunde Pilcher&#8220;, ffp Media<\/p>\n<p><strong>Dahoam is dahoam<\/strong> \u2013 2008-2016, BR, Dialogautorin, \u00fcber 80 Folgen, Bayrischer Fernsehpreis<\/p>\n<p><strong>L\u00f6wenzahn<\/strong> \u2013 2010-2013, ZDF, Drehbuchautorin, 4 Folgen, Krimi<\/p>\n<p style=\"text-align: left;\"><strong>Verliebt in Berlin<\/strong> \u2013 2004-2008, Sat1, Dialogautorin, Script-Edit, diverse Folgen, Verliebt in Berlin Spezial &#8211; \u00a0 \u00a0\u00a0 Deutscher Fernsehpreis<\/p>\n<p><strong>Anna und die Liebe<\/strong> \u2013 2008-2010, Sat1, Dialogautorin, diverse Folgen<\/p>\n<p><strong>Die Stein<\/strong> \u2013 2009, ARD, Dramaturgische Beratung, diverse Folgen<\/p>\n<p><strong>Eine wie Keine<\/strong> \u2013 2009-2010, Sat1, Dialogautorin, diverse Folgen<\/p>\n<p><strong>Rote Rosen<\/strong> \u2013 2008, ARD, Storylinerin, Dialogautorin, diverse Folgen<\/p>\n<p><strong>Hinter Gittern<\/strong>, 2008, ARD, Dialogautorin<\/p>\n<p><strong>F\u00fcr alle F\u00e4lle Stefanie <\/strong>&#8211; 2000-2004, Sat1, Drehbuchautorin, Damaturgin, diverse Folgen<\/p>\n<p><strong>Die Lindenstra\u00dfe<\/strong> \u2013 1998-2000, ARD, Dramaturgin, Script-Edit, auch Dramaturgin f\u00fcr Fernsehfilm, diverse Folgen<\/p>\n<p><strong>Unter Uns <\/strong> \u2013 1996-1998, RTL, Storylinerin diverse Folgen<\/p>\n<p><b>Fernsehfilmstoffe<\/b><span style=\"display: inline !important; float: none; background-color: transparent; color: #333333; cursor: text; font-family: Georgia,'Times New Roman','Bitstream Charter',Times,serif; font-size: 16px; font-style: normal; font-variant: normal; font-weight: 400; letter-spacing: normal; orphans: 2; text-align: left; text-decoration: none; text-indent: 0px; text-transform: none; -webkit-text-stroke-width: 0px; white-space: normal; word-spacing: 0px;\">, diverse, verkauft an Ziegler Film, Cinecentrum, Tellux, Polyphon, Rubicon, Novafilm, ffp New Media<\/span><\/p>\n<p><em>Seminare\/Ausbildung:<\/em><\/p>\n<p>Comedy-Seminar \u201cThe Comic Toolbox\u201d von John Vorhaus<\/p>\n<p>1991-1996 Studium der Theaterwissenschaft, Kommunikationswissenschaft, Werbepsychologie<\/p>\n<p>1988-1990 Ausbildung zur Verlagskauffrau<\/p>\n","protected":false},"excerpt":{"rendered":"<p>Seit 1996 arbeite ich erfolgreich als Drehbuchautorin f\u00fcr viele Fernsehprojekte (und auch als Dramaturgin), inzwischen sind es \u00fcber 200 verfilmte Drehb\u00fccher: Fernsehfilm, Romanverfilmung des #1-Bestseller &#8222;Mandelbl\u00fctenliebe&#8220; von Anja Saskia Beyer, 2023, Drehbuchautorin eines Expos\u00e9s f\u00fcr<a class=\"read-more\" href=\"https:\/\/www.anja-saskia-beyer.com\/?page_id=19\">Continue reading<\/a><\/p>\n","protected":false},"author":1,"featured_media":0,"parent":0,"menu_order":9,"comment_status":"closed","ping_status":"open","template":"","meta":{"_acf_changed":false,"_kadence_starter_templates_imported_post":false,"footnotes":""},"class_list":["post-19","page","type-page","status-publish","hentry"],"acf":[],"_links":{"self":[{"href":"https:\/\/www.anja-saskia-beyer.com\/index.php?rest_route=\/wp\/v2\/pages\/19","targetHints":{"allow":["GET"]}}],"collection":[{"href":"https:\/\/www.anja-saskia-beyer.com\/index.php?rest_route=\/wp\/v2\/pages"}],"about":[{"href":"https:\/\/www.anja-saskia-beyer.com\/index.php?rest_route=\/wp\/v2\/types\/page"}],"author":[{"embeddable":true,"href":"https:\/\/www.anja-saskia-beyer.com\/index.php?rest_route=\/wp\/v2\/users\/1"}],"replies":[{"embeddable":true,"href":"https:\/\/www.anja-saskia-beyer.com\/index.php?rest_route=%2Fwp%2Fv2%2Fcomments&post=19"}],"version-history":[{"count":29,"href":"https:\/\/www.anja-saskia-beyer.com\/index.php?rest_route=\/wp\/v2\/pages\/19\/revisions"}],"predecessor-version":[{"id":1724,"href":"https:\/\/www.anja-saskia-beyer.com\/index.php?rest_route=\/wp\/v2\/pages\/19\/revisions\/1724"}],"wp:attachment":[{"href":"https:\/\/www.anja-saskia-beyer.com\/index.php?rest_route=%2Fwp%2Fv2%2Fmedia&parent=19"}],"curies":[{"name":"wp","href":"https:\/\/api.w.org\/{rel}","templated":true}]}}