{"id":1803,"date":"2026-02-11T13:28:02","date_gmt":"2026-02-11T11:28:02","guid":{"rendered":"https:\/\/www.anja-saskia-beyer.com\/?page_id=1803"},"modified":"2026-02-11T13:28:06","modified_gmt":"2026-02-11T11:28:06","slug":"die-engel-von-berlin","status":"publish","type":"page","link":"https:\/\/www.anja-saskia-beyer.com\/?page_id=1803","title":{"rendered":"Die Engel von Berlin"},"content":{"rendered":"\n<figure class=\"wp-block-image size-large is-resized\"><a href=\"https:\/\/www.anja-saskia-beyer.com\/wp-content\/uploads\/2026\/02\/Cover-Die-Engel-von-Berlin-amazon.jpg\"><img loading=\"lazy\" decoding=\"async\" width=\"658\" height=\"1024\" src=\"https:\/\/www.anja-saskia-beyer.com\/wp-content\/uploads\/2026\/02\/Cover-Die-Engel-von-Berlin-amazon-658x1024.jpg\" alt=\"\" class=\"wp-image-1804\" style=\"width:539px;height:auto\" srcset=\"https:\/\/www.anja-saskia-beyer.com\/wp-content\/uploads\/2026\/02\/Cover-Die-Engel-von-Berlin-amazon-658x1024.jpg 658w, https:\/\/www.anja-saskia-beyer.com\/wp-content\/uploads\/2026\/02\/Cover-Die-Engel-von-Berlin-amazon-193x300.jpg 193w, https:\/\/www.anja-saskia-beyer.com\/wp-content\/uploads\/2026\/02\/Cover-Die-Engel-von-Berlin-amazon-768x1195.jpg 768w, https:\/\/www.anja-saskia-beyer.com\/wp-content\/uploads\/2026\/02\/Cover-Die-Engel-von-Berlin-amazon-520x809.jpg 520w, https:\/\/www.anja-saskia-beyer.com\/wp-content\/uploads\/2026\/02\/Cover-Die-Engel-von-Berlin-amazon-740x1151.jpg 740w, https:\/\/www.anja-saskia-beyer.com\/wp-content\/uploads\/2026\/02\/Cover-Die-Engel-von-Berlin-amazon.jpg 964w\" sizes=\"auto, (max-width: 658px) 100vw, 658px\" \/><\/a><\/figure>\n\n\n\n<blockquote class=\"wp-block-quote is-layout-flow wp-block-quote-is-layout-flow\">\n<p>Ihre Freundschaft ist das Licht in der Dunkelheit:<\/p>\n\n\n\n<p>\u00bbDie Engel von Berlin\u00ab ist ein bewegender Roman \u00fcber eine au\u00dfergew\u00f6hnliche Frauen-Freundschaft, die Geschichte zweier Pfadfinderinnen zur Zeit des 2. Weltkriegs.<\/p>\n\n\n\n<p>1931: F\u00fcr die lebenslustige Martha aus London ist Berlin eine faszinierende Stadt. Die h\u00e4usliche Annegret lernt die Engl\u00e4nderin am Alexanderplatz kennen, mit ihr soll sie eine Gruppe junger Pfadfinderinnen im Grunewald leiten. Obwohl die beiden Frauen kaum unterschiedlicher sein k\u00f6nnten, entsteht eine tiefe Freundschaft, die durch den Krieg und Annegrets Mann auf eine harte Probe gestellt wird. W\u00e4hrend Annegret Kinder vor der Deportation zu retten versucht, unternimmt Martha in London alles, um ihrer Freundin zu helfen. Aber dann nehmen die Luftangriffe der Deutschen auf London zu und damit \u00e4ndert sich die Sicht vieler Engl\u00e4nder.&nbsp;<br>Voller Schuldgef\u00fchle, nicht mehr getan zu haben, kehrt Martha 1945 aus London ins zerst\u00f6rte Berlin zur\u00fcck, will helfen, diese Stadt wieder aufzubauen. Dabei sucht sie nicht nur nach ihrer verschollenen Freundin, sondern auch nach der einen Liebe, die sie \u00fcber all die Jahre nicht vergessen konnte &#8230;<\/p>\n\n\n\n<p>Kenntnisreich und hoch atmosph\u00e4risch f\u00fchrt Hanna Lucas\u02bc Roman ins Berlin der 30er und 40er Jahre und verwebt die Geschichte der Kinder-Transporte nach England mit einer Frauen-Freundschaft, die mehr als eine Pr\u00fcfung zu bestehen hat zu einem gro\u00dfen, dramatischen Roman.<\/p>\n\n\n\n<p>Erschienen bei Knaur<\/p>\n<\/blockquote>\n","protected":false},"excerpt":{"rendered":"<p>Ihre Freundschaft ist das Licht in der Dunkelheit: \u00bbDie Engel von Berlin\u00ab ist ein bewegender Roman \u00fcber eine au\u00dfergew\u00f6hnliche Frauen-Freundschaft, die Geschichte zweier Pfadfinderinnen zur Zeit des 2. Weltkriegs. 1931: F\u00fcr die lebenslustige Martha aus<a class=\"read-more\" href=\"https:\/\/www.anja-saskia-beyer.com\/?page_id=1803\">Continue reading<\/a><\/p>\n","protected":false},"author":1,"featured_media":0,"parent":0,"menu_order":0,"comment_status":"closed","ping_status":"closed","template":"","meta":{"_acf_changed":false,"_kadence_starter_templates_imported_post":false,"footnotes":""},"class_list":["post-1803","page","type-page","status-publish","hentry"],"acf":[],"_links":{"self":[{"href":"https:\/\/www.anja-saskia-beyer.com\/index.php?rest_route=\/wp\/v2\/pages\/1803","targetHints":{"allow":["GET"]}}],"collection":[{"href":"https:\/\/www.anja-saskia-beyer.com\/index.php?rest_route=\/wp\/v2\/pages"}],"about":[{"href":"https:\/\/www.anja-saskia-beyer.com\/index.php?rest_route=\/wp\/v2\/types\/page"}],"author":[{"embeddable":true,"href":"https:\/\/www.anja-saskia-beyer.com\/index.php?rest_route=\/wp\/v2\/users\/1"}],"replies":[{"embeddable":true,"href":"https:\/\/www.anja-saskia-beyer.com\/index.php?rest_route=%2Fwp%2Fv2%2Fcomments&post=1803"}],"version-history":[{"count":1,"href":"https:\/\/www.anja-saskia-beyer.com\/index.php?rest_route=\/wp\/v2\/pages\/1803\/revisions"}],"predecessor-version":[{"id":1806,"href":"https:\/\/www.anja-saskia-beyer.com\/index.php?rest_route=\/wp\/v2\/pages\/1803\/revisions\/1806"}],"wp:attachment":[{"href":"https:\/\/www.anja-saskia-beyer.com\/index.php?rest_route=%2Fwp%2Fv2%2Fmedia&parent=1803"}],"curies":[{"name":"wp","href":"https:\/\/api.w.org\/{rel}","templated":true}]}}