{"id":1768,"date":"2026-02-08T14:13:16","date_gmt":"2026-02-08T12:13:16","guid":{"rendered":"https:\/\/www.anja-saskia-beyer.com\/?page_id=1768"},"modified":"2026-02-08T14:13:18","modified_gmt":"2026-02-08T12:13:18","slug":"inselperlen-und-meer","status":"publish","type":"page","link":"https:\/\/www.anja-saskia-beyer.com\/?page_id=1768","title":{"rendered":"Inselperlen und Meer"},"content":{"rendered":"\n<figure class=\"wp-block-image size-large is-resized\"><a href=\"https:\/\/www.anja-saskia-beyer.com\/wp-content\/uploads\/2026\/02\/Cover-Inselperlen-v-Amazon.jpg\"><img loading=\"lazy\" decoding=\"async\" width=\"694\" height=\"1024\" src=\"https:\/\/www.anja-saskia-beyer.com\/wp-content\/uploads\/2026\/02\/Cover-Inselperlen-v-Amazon-694x1024.jpg\" alt=\"\" class=\"wp-image-1769\" style=\"width:411px;height:auto\" srcset=\"https:\/\/www.anja-saskia-beyer.com\/wp-content\/uploads\/2026\/02\/Cover-Inselperlen-v-Amazon-694x1024.jpg 694w, https:\/\/www.anja-saskia-beyer.com\/wp-content\/uploads\/2026\/02\/Cover-Inselperlen-v-Amazon-203x300.jpg 203w, https:\/\/www.anja-saskia-beyer.com\/wp-content\/uploads\/2026\/02\/Cover-Inselperlen-v-Amazon-768x1134.jpg 768w, https:\/\/www.anja-saskia-beyer.com\/wp-content\/uploads\/2026\/02\/Cover-Inselperlen-v-Amazon-520x768.jpg 520w, https:\/\/www.anja-saskia-beyer.com\/wp-content\/uploads\/2026\/02\/Cover-Inselperlen-v-Amazon-740x1093.jpg 740w, https:\/\/www.anja-saskia-beyer.com\/wp-content\/uploads\/2026\/02\/Cover-Inselperlen-v-Amazon.jpg 1016w\" sizes=\"auto, (max-width: 694px) 100vw, 694px\" \/><\/a><\/figure>\n\n\n\n<blockquote class=\"wp-block-quote is-layout-flow wp-block-quote-is-layout-flow\">\n<p>Der neue Mallorca-Roman um Liebe, Freundschaft und den Mut, sein Leben neu zu denken, von Bestsellerautorin Anja Saskia Beyer.<\/p>\n\n\n\n<p><em>\u00bbIch bin Goldschmiedin\u00ab, sagte Matilda. \u00bbIch wollte nie etwas anderes sein.\u00ab<\/em><\/p>\n\n\n\n<p>Die Goldschmiedin Matilda liebt ihren kleinen Laden \u00bbPerlenzauber und Meer\u00ab. Seit Jahren ist die Mallorquinerin verlobt mit dem attraktiven Alvaro, der sie jetzt endlich heiraten will. Doch ist es immer noch das, was Matilda sich w\u00fcnscht? Nach der Hochzeit zu seiner Mutter ziehen, m\u00f6chte sie auf keinen Fall.<\/p>\n\n\n\n<p>In ihrem Laden hei\u00dft sie Ines und Tom aus M\u00fcnchen willkommen, die einen Trauring-Workshop bei ihr gebucht haben. Dass der zuk\u00fcnftige Br\u00e4utigam Tom bei ihr diese verwirrenden Gef\u00fchle ausl\u00f6st, w\u00fcrde Matilda allerdings gern ignorieren. Aber so einfach ist das nicht. Pl\u00f6tzlich wei\u00df sie nicht mehr, was sie will \u2013 vor allem, als sie merkt, dass Alvaro etwas vor ihr verheimlicht.<\/p>\n\n\n\n<p>Die B\u00e4nde der \u00bbMallorca-Sehnsucht\u00ab-Reihe k\u00f6nnen unabh\u00e4ngig voneinander gelesen werden.<\/p>\n<\/blockquote>\n","protected":false},"excerpt":{"rendered":"<p>Der neue Mallorca-Roman um Liebe, Freundschaft und den Mut, sein Leben neu zu denken, von Bestsellerautorin Anja Saskia Beyer. \u00bbIch bin Goldschmiedin\u00ab, sagte Matilda. \u00bbIch wollte nie etwas anderes sein.\u00ab Die Goldschmiedin Matilda liebt ihren<a class=\"read-more\" href=\"https:\/\/www.anja-saskia-beyer.com\/?page_id=1768\">Continue reading<\/a><\/p>\n","protected":false},"author":1,"featured_media":0,"parent":0,"menu_order":0,"comment_status":"closed","ping_status":"closed","template":"","meta":{"_acf_changed":false,"_kadence_starter_templates_imported_post":false,"footnotes":""},"class_list":["post-1768","page","type-page","status-publish","hentry"],"acf":[],"_links":{"self":[{"href":"https:\/\/www.anja-saskia-beyer.com\/index.php?rest_route=\/wp\/v2\/pages\/1768","targetHints":{"allow":["GET"]}}],"collection":[{"href":"https:\/\/www.anja-saskia-beyer.com\/index.php?rest_route=\/wp\/v2\/pages"}],"about":[{"href":"https:\/\/www.anja-saskia-beyer.com\/index.php?rest_route=\/wp\/v2\/types\/page"}],"author":[{"embeddable":true,"href":"https:\/\/www.anja-saskia-beyer.com\/index.php?rest_route=\/wp\/v2\/users\/1"}],"replies":[{"embeddable":true,"href":"https:\/\/www.anja-saskia-beyer.com\/index.php?rest_route=%2Fwp%2Fv2%2Fcomments&post=1768"}],"version-history":[{"count":1,"href":"https:\/\/www.anja-saskia-beyer.com\/index.php?rest_route=\/wp\/v2\/pages\/1768\/revisions"}],"predecessor-version":[{"id":1771,"href":"https:\/\/www.anja-saskia-beyer.com\/index.php?rest_route=\/wp\/v2\/pages\/1768\/revisions\/1771"}],"wp:attachment":[{"href":"https:\/\/www.anja-saskia-beyer.com\/index.php?rest_route=%2Fwp%2Fv2%2Fmedia&parent=1768"}],"curies":[{"name":"wp","href":"https:\/\/api.w.org\/{rel}","templated":true}]}}