{"id":1764,"date":"2026-02-08T14:11:57","date_gmt":"2026-02-08T12:11:57","guid":{"rendered":"https:\/\/www.anja-saskia-beyer.com\/?page_id=1764"},"modified":"2026-02-08T14:11:59","modified_gmt":"2026-02-08T12:11:59","slug":"inselblueten-und-meer","status":"publish","type":"page","link":"https:\/\/www.anja-saskia-beyer.com\/?page_id=1764","title":{"rendered":"Inselbl\u00fcten und Meer"},"content":{"rendered":"<div class=\"wp-block-image\">\n<figure class=\"aligncenter size-large is-resized\"><a href=\"https:\/\/www.anja-saskia-beyer.com\/wp-content\/uploads\/2026\/02\/Cover-Inselblueten-v-Amazon.jpg\"><img loading=\"lazy\" decoding=\"async\" width=\"694\" height=\"1024\" src=\"https:\/\/www.anja-saskia-beyer.com\/wp-content\/uploads\/2026\/02\/Cover-Inselblueten-v-Amazon-694x1024.jpg\" alt=\"\" class=\"wp-image-1765\" style=\"width:390px;height:auto\" srcset=\"https:\/\/www.anja-saskia-beyer.com\/wp-content\/uploads\/2026\/02\/Cover-Inselblueten-v-Amazon-694x1024.jpg 694w, https:\/\/www.anja-saskia-beyer.com\/wp-content\/uploads\/2026\/02\/Cover-Inselblueten-v-Amazon-203x300.jpg 203w, https:\/\/www.anja-saskia-beyer.com\/wp-content\/uploads\/2026\/02\/Cover-Inselblueten-v-Amazon-768x1134.jpg 768w, https:\/\/www.anja-saskia-beyer.com\/wp-content\/uploads\/2026\/02\/Cover-Inselblueten-v-Amazon-520x768.jpg 520w, https:\/\/www.anja-saskia-beyer.com\/wp-content\/uploads\/2026\/02\/Cover-Inselblueten-v-Amazon-740x1093.jpg 740w, https:\/\/www.anja-saskia-beyer.com\/wp-content\/uploads\/2026\/02\/Cover-Inselblueten-v-Amazon.jpg 1016w\" sizes=\"auto, (max-width: 694px) 100vw, 694px\" \/><\/a><\/figure>\n<\/div>\n\n\n<blockquote class=\"wp-block-quote is-layout-flow wp-block-quote-is-layout-flow\">\n<p>Der neue zauberhafte Mallorca-Roman von Kindle-#1-Bestsellerautorin Anja Saskia Beyer.<\/p>\n\n\n\n<p><em>\u00bbIch habe immer davon getr\u00e4umt, am Meer zu leben. Ich hatte diesen Traum lange vergessen. Aber ich habe es geschafft.\u00ab<\/em><\/p>\n\n\n\n<p>Sonne, Strand und Meer: Teresa liebt ihr Leben auf Mallorca. In ihrem kleinen Laden an einer Bucht verkauft sie, was sie am liebsten mag: Strandkleider und Taschen aus Blumentextilien. Als der attraktive Simon sie als Bl\u00fctenk\u00f6chin f\u00fcr ein Event auf seiner Jacht anfragt, z\u00f6gert sie. Zuletzt hat sie f\u00fcr ihre verstorbene Mutter ein Bl\u00fctengericht zubereitet.<\/p>\n\n\n\n<p>Als Teresa ausgerechnet \u00fcber Simon ein aufw\u00fchlender letzter Brief ihrer Mutter erreicht, steht er ihr zur Seite und die beiden kommen sich n\u00e4her. Doch ein Geheimnis lastet auf ihrer aufkeimenden Liebe.<\/p>\n\n\n\n<p>Die B\u00e4nde der \u00bbMallorca-Sehnsucht\u00ab-Reihe k\u00f6nnen unabh\u00e4ngig voneinander gelesen werden.<\/p>\n<\/blockquote>\n","protected":false},"excerpt":{"rendered":"<p>Der neue zauberhafte Mallorca-Roman von Kindle-#1-Bestsellerautorin Anja Saskia Beyer. \u00bbIch habe immer davon getr\u00e4umt, am Meer zu leben. Ich hatte diesen Traum lange vergessen. Aber ich habe es geschafft.\u00ab Sonne, Strand und Meer: Teresa liebt<a class=\"read-more\" href=\"https:\/\/www.anja-saskia-beyer.com\/?page_id=1764\">Continue reading<\/a><\/p>\n","protected":false},"author":1,"featured_media":0,"parent":0,"menu_order":0,"comment_status":"closed","ping_status":"closed","template":"","meta":{"_acf_changed":false,"_kadence_starter_templates_imported_post":false,"footnotes":""},"class_list":["post-1764","page","type-page","status-publish","hentry"],"acf":[],"_links":{"self":[{"href":"https:\/\/www.anja-saskia-beyer.com\/index.php?rest_route=\/wp\/v2\/pages\/1764","targetHints":{"allow":["GET"]}}],"collection":[{"href":"https:\/\/www.anja-saskia-beyer.com\/index.php?rest_route=\/wp\/v2\/pages"}],"about":[{"href":"https:\/\/www.anja-saskia-beyer.com\/index.php?rest_route=\/wp\/v2\/types\/page"}],"author":[{"embeddable":true,"href":"https:\/\/www.anja-saskia-beyer.com\/index.php?rest_route=\/wp\/v2\/users\/1"}],"replies":[{"embeddable":true,"href":"https:\/\/www.anja-saskia-beyer.com\/index.php?rest_route=%2Fwp%2Fv2%2Fcomments&post=1764"}],"version-history":[{"count":1,"href":"https:\/\/www.anja-saskia-beyer.com\/index.php?rest_route=\/wp\/v2\/pages\/1764\/revisions"}],"predecessor-version":[{"id":1767,"href":"https:\/\/www.anja-saskia-beyer.com\/index.php?rest_route=\/wp\/v2\/pages\/1764\/revisions\/1767"}],"wp:attachment":[{"href":"https:\/\/www.anja-saskia-beyer.com\/index.php?rest_route=%2Fwp%2Fv2%2Fmedia&parent=1764"}],"curies":[{"name":"wp","href":"https:\/\/api.w.org\/{rel}","templated":true}]}}