{"id":1760,"date":"2026-02-08T14:10:14","date_gmt":"2026-02-08T12:10:14","guid":{"rendered":"https:\/\/www.anja-saskia-beyer.com\/?page_id=1760"},"modified":"2026-02-08T14:10:17","modified_gmt":"2026-02-08T12:10:17","slug":"inseltraeume-und-meer","status":"publish","type":"page","link":"https:\/\/www.anja-saskia-beyer.com\/?page_id=1760","title":{"rendered":"Inseltr\u00e4ume und Meer"},"content":{"rendered":"<div class=\"wp-block-image\">\n<figure class=\"aligncenter size-large is-resized\"><a href=\"https:\/\/www.anja-saskia-beyer.com\/wp-content\/uploads\/2026\/02\/Cover-Inseltraeume-v-Amazon.jpg\"><img loading=\"lazy\" decoding=\"async\" width=\"694\" height=\"1024\" src=\"https:\/\/www.anja-saskia-beyer.com\/wp-content\/uploads\/2026\/02\/Cover-Inseltraeume-v-Amazon-694x1024.jpg\" alt=\"\" class=\"wp-image-1761\" style=\"width:420px;height:auto\" srcset=\"https:\/\/www.anja-saskia-beyer.com\/wp-content\/uploads\/2026\/02\/Cover-Inseltraeume-v-Amazon-694x1024.jpg 694w, https:\/\/www.anja-saskia-beyer.com\/wp-content\/uploads\/2026\/02\/Cover-Inseltraeume-v-Amazon-203x300.jpg 203w, https:\/\/www.anja-saskia-beyer.com\/wp-content\/uploads\/2026\/02\/Cover-Inseltraeume-v-Amazon-768x1134.jpg 768w, https:\/\/www.anja-saskia-beyer.com\/wp-content\/uploads\/2026\/02\/Cover-Inseltraeume-v-Amazon-520x768.jpg 520w, https:\/\/www.anja-saskia-beyer.com\/wp-content\/uploads\/2026\/02\/Cover-Inseltraeume-v-Amazon-740x1093.jpg 740w, https:\/\/www.anja-saskia-beyer.com\/wp-content\/uploads\/2026\/02\/Cover-Inseltraeume-v-Amazon.jpg 1016w\" sizes=\"auto, (max-width: 694px) 100vw, 694px\" \/><\/a><\/figure>\n<\/div>\n\n\n<blockquote class=\"wp-block-quote is-layout-flow wp-block-quote-is-layout-flow\">\n<p>Der neue Inselroman von Bestsellerautorin Anja Saskia Beyer um Liebe, Freundschaft und den Zauber einer zweiten Chance.<\/p>\n\n\n\n<p><em>\u00bbJosy stand auf der Terrasse ihres Caf\u00e9s, streckte die Nase schnuppernd in die Luft. Sie liebte diesen leicht salzigen Geruch des Meeres und die k\u00fchleren Morgenstunden.\u00ab<\/em><\/p>\n\n\n\n<p>Vor Jahren hat die attraktive Josy Deutschland und ihrer schwierigen Mutter den R\u00fccken gekehrt, um sich auf Mallorca ein unabh\u00e4ngiges Leben aufzubauen. In ihrem kleinen Laden an der K\u00fcste serviert sie seitdem tollen Kaffee zum besten Schokokuchen der Insel. Als Delfintour-Guide f\u00e4hrt sie mit Touristen regelm\u00e4\u00dfig hinaus aufs Meer, um die bezaubernden Meeress\u00e4uger zu beobachten.<\/p>\n\n\n\n<p>Aber dann verschwinden die Delfine und niemand bucht mehr Josys Touren. Damit nicht genug: Ihre Mutter taucht bei ihr auf mit den alten Konflikten im Gep\u00e4ck, und Josy selbst steht pl\u00f6tzlich Eric gegen\u00fcber, dem Mann, der sie vor Jahren tief verletzt hat und den sie nie ganz vergessen konnte. Eric hilft ihr, dem Grund f\u00fcr das Verschwinden der Delfine auf die Spur zu kommen, aber kann sie ihm je wieder vertrauen?<\/p>\n\n\n\n<p>Die B\u00e4nde der \u00bbMallorca-Sehnsucht\u00ab-Reihe k\u00f6nnen unabh\u00e4ngig voneinander gelesen werden.<\/p>\n<\/blockquote>\n","protected":false},"excerpt":{"rendered":"<p>Der neue Inselroman von Bestsellerautorin Anja Saskia Beyer um Liebe, Freundschaft und den Zauber einer zweiten Chance. \u00bbJosy stand auf der Terrasse ihres Caf\u00e9s, streckte die Nase schnuppernd in die Luft. Sie liebte diesen leicht<a class=\"read-more\" href=\"https:\/\/www.anja-saskia-beyer.com\/?page_id=1760\">Continue reading<\/a><\/p>\n","protected":false},"author":1,"featured_media":0,"parent":0,"menu_order":0,"comment_status":"closed","ping_status":"closed","template":"","meta":{"_acf_changed":false,"_kadence_starter_templates_imported_post":false,"footnotes":""},"class_list":["post-1760","page","type-page","status-publish","hentry"],"acf":[],"_links":{"self":[{"href":"https:\/\/www.anja-saskia-beyer.com\/index.php?rest_route=\/wp\/v2\/pages\/1760","targetHints":{"allow":["GET"]}}],"collection":[{"href":"https:\/\/www.anja-saskia-beyer.com\/index.php?rest_route=\/wp\/v2\/pages"}],"about":[{"href":"https:\/\/www.anja-saskia-beyer.com\/index.php?rest_route=\/wp\/v2\/types\/page"}],"author":[{"embeddable":true,"href":"https:\/\/www.anja-saskia-beyer.com\/index.php?rest_route=\/wp\/v2\/users\/1"}],"replies":[{"embeddable":true,"href":"https:\/\/www.anja-saskia-beyer.com\/index.php?rest_route=%2Fwp%2Fv2%2Fcomments&post=1760"}],"version-history":[{"count":1,"href":"https:\/\/www.anja-saskia-beyer.com\/index.php?rest_route=\/wp\/v2\/pages\/1760\/revisions"}],"predecessor-version":[{"id":1763,"href":"https:\/\/www.anja-saskia-beyer.com\/index.php?rest_route=\/wp\/v2\/pages\/1760\/revisions\/1763"}],"wp:attachment":[{"href":"https:\/\/www.anja-saskia-beyer.com\/index.php?rest_route=%2Fwp%2Fv2%2Fmedia&parent=1760"}],"curies":[{"name":"wp","href":"https:\/\/api.w.org\/{rel}","templated":true}]}}