{"id":1754,"date":"2026-02-08T14:01:31","date_gmt":"2026-02-08T12:01:31","guid":{"rendered":"https:\/\/www.anja-saskia-beyer.com\/?page_id=1754"},"modified":"2026-02-08T14:07:55","modified_gmt":"2026-02-08T12:07:55","slug":"inselliebe-und-meer","status":"publish","type":"page","link":"https:\/\/www.anja-saskia-beyer.com\/?page_id=1754","title":{"rendered":"Inselliebe und Meer"},"content":{"rendered":"<div class=\"wp-block-image\">\n<figure class=\"aligncenter size-large is-resized\"><a href=\"https:\/\/www.anja-saskia-beyer.com\/wp-content\/uploads\/2026\/02\/Cover-Inselliebe-v-Amazon.jpg\"><img loading=\"lazy\" decoding=\"async\" width=\"694\" height=\"1024\" src=\"https:\/\/www.anja-saskia-beyer.com\/wp-content\/uploads\/2026\/02\/Cover-Inselliebe-v-Amazon-694x1024.jpg\" alt=\"\" class=\"wp-image-1755\" style=\"width:395px;height:auto\" srcset=\"https:\/\/www.anja-saskia-beyer.com\/wp-content\/uploads\/2026\/02\/Cover-Inselliebe-v-Amazon-694x1024.jpg 694w, https:\/\/www.anja-saskia-beyer.com\/wp-content\/uploads\/2026\/02\/Cover-Inselliebe-v-Amazon-203x300.jpg 203w, https:\/\/www.anja-saskia-beyer.com\/wp-content\/uploads\/2026\/02\/Cover-Inselliebe-v-Amazon-768x1134.jpg 768w, https:\/\/www.anja-saskia-beyer.com\/wp-content\/uploads\/2026\/02\/Cover-Inselliebe-v-Amazon-520x768.jpg 520w, https:\/\/www.anja-saskia-beyer.com\/wp-content\/uploads\/2026\/02\/Cover-Inselliebe-v-Amazon-740x1093.jpg 740w, https:\/\/www.anja-saskia-beyer.com\/wp-content\/uploads\/2026\/02\/Cover-Inselliebe-v-Amazon.jpg 1016w\" sizes=\"auto, (max-width: 694px) 100vw, 694px\" \/><\/a><\/figure>\n<\/div>\n\n\n<blockquote class=\"wp-block-quote is-layout-flow wp-block-quote-is-layout-flow\">\n<p>Der Auftakt einer romantischen Reihe von #1 Kindle-Bestsellerautorin Anja Saskia Beyer um wunderbare Freundschaften und die Liebe auf der Sonneninsel Mallorca.<\/p>\n\n\n\n<p><em>Als Liz auf der Klippe stand und ins tiefblaue Wasser sah, wurde ihr wieder die besondere Magie der Insel bewusst.<\/em><\/p>\n\n\n\n<p>Liz\u2019 kleiner Feinkostladen in Berlin steht vor dem Aus und sie f\u00fchlt sich einsam. Da kommt die Bitte ihres Gro\u00dfonkels, auf Mallorca nach einer alten Finca der Familie zu sehen, gerade recht. Aber wieso wurde um diese Finca all die Jahre so ein Geheimnis gemacht?<\/p>\n\n\n\n<p>Auf der Insel schlie\u00dft die junge Frau neue Freundschaften und trifft den attraktiven Olivenbauern Cristian, der sich zun\u00e4chst abweisend verh\u00e4lt. Erstaunt stellt Liz fest, dass Cristian sich nicht nur aufmerksam um das Anwesen und die Ferieng\u00e4ste k\u00fcmmert, sondern ihnen auch dabei hilft, ihren ganz pers\u00f6nlichen Neuanfang zu wagen. Liz f\u00fchlt sich wider Willen zu Cristian hingezogen. Doch der ist ein Mann mit Geheimnissen und scheint sich auf der Finca vor irgendjemandem zu verstecken \u2026<\/p>\n\n\n\n<p>Die B\u00e4nde der \u00bbMallorca-Sehnsucht\u00ab-Reihe k\u00f6nnen unabh\u00e4ngig voneinander gelesen werden.<\/p>\n\n\n\n<figure class=\"wp-block-embed is-provider-amazon-kindle wp-block-embed-amazon-kindle\"><div class=\"wp-block-embed__wrapper\">\nhttps:\/\/amzn.to\/4bIoc5w\n<\/div><\/figure>\n\n\n\n<p><\/p>\n<\/blockquote>\n","protected":false},"excerpt":{"rendered":"","protected":false},"author":1,"featured_media":0,"parent":0,"menu_order":0,"comment_status":"closed","ping_status":"closed","template":"","meta":{"_acf_changed":false,"_kadence_starter_templates_imported_post":false,"footnotes":""},"class_list":["post-1754","page","type-page","status-publish","hentry"],"acf":[],"_links":{"self":[{"href":"https:\/\/www.anja-saskia-beyer.com\/index.php?rest_route=\/wp\/v2\/pages\/1754","targetHints":{"allow":["GET"]}}],"collection":[{"href":"https:\/\/www.anja-saskia-beyer.com\/index.php?rest_route=\/wp\/v2\/pages"}],"about":[{"href":"https:\/\/www.anja-saskia-beyer.com\/index.php?rest_route=\/wp\/v2\/types\/page"}],"author":[{"embeddable":true,"href":"https:\/\/www.anja-saskia-beyer.com\/index.php?rest_route=\/wp\/v2\/users\/1"}],"replies":[{"embeddable":true,"href":"https:\/\/www.anja-saskia-beyer.com\/index.php?rest_route=%2Fwp%2Fv2%2Fcomments&post=1754"}],"version-history":[{"count":2,"href":"https:\/\/www.anja-saskia-beyer.com\/index.php?rest_route=\/wp\/v2\/pages\/1754\/revisions"}],"predecessor-version":[{"id":1759,"href":"https:\/\/www.anja-saskia-beyer.com\/index.php?rest_route=\/wp\/v2\/pages\/1754\/revisions\/1759"}],"wp:attachment":[{"href":"https:\/\/www.anja-saskia-beyer.com\/index.php?rest_route=%2Fwp%2Fv2%2Fmedia&parent=1754"}],"curies":[{"name":"wp","href":"https:\/\/api.w.org\/{rel}","templated":true}]}}