{"id":1742,"date":"2026-02-07T16:20:24","date_gmt":"2026-02-07T14:20:24","guid":{"rendered":"https:\/\/www.anja-saskia-beyer.com\/?page_id=1742"},"modified":"2026-02-07T16:20:26","modified_gmt":"2026-02-07T14:20:26","slug":"sieben-sommer-ohne-dich","status":"publish","type":"page","link":"https:\/\/www.anja-saskia-beyer.com\/?page_id=1742","title":{"rendered":"Sieben Sommer ohne dich"},"content":{"rendered":"\n<figure class=\"wp-block-image size-large\"><a href=\"https:\/\/www.anja-saskia-beyer.com\/wp-content\/uploads\/2026\/02\/Beyer-SiebenSommerOhneDich-33978-v2.jpg-2.jpeg\"><img loading=\"lazy\" decoding=\"async\" width=\"694\" height=\"1024\" src=\"https:\/\/www.anja-saskia-beyer.com\/wp-content\/uploads\/2026\/02\/Beyer-SiebenSommerOhneDich-33978-v2.jpg-2-694x1024.jpeg\" alt=\"\" class=\"wp-image-1744\" srcset=\"https:\/\/www.anja-saskia-beyer.com\/wp-content\/uploads\/2026\/02\/Beyer-SiebenSommerOhneDich-33978-v2.jpg-2-694x1024.jpeg 694w, https:\/\/www.anja-saskia-beyer.com\/wp-content\/uploads\/2026\/02\/Beyer-SiebenSommerOhneDich-33978-v2.jpg-2-203x300.jpeg 203w, https:\/\/www.anja-saskia-beyer.com\/wp-content\/uploads\/2026\/02\/Beyer-SiebenSommerOhneDich-33978-v2.jpg-2-768x1133.jpeg 768w, https:\/\/www.anja-saskia-beyer.com\/wp-content\/uploads\/2026\/02\/Beyer-SiebenSommerOhneDich-33978-v2.jpg-2-1041x1536.jpeg 1041w, https:\/\/www.anja-saskia-beyer.com\/wp-content\/uploads\/2026\/02\/Beyer-SiebenSommerOhneDich-33978-v2.jpg-2-1388x2048.jpeg 1388w, https:\/\/www.anja-saskia-beyer.com\/wp-content\/uploads\/2026\/02\/Beyer-SiebenSommerOhneDich-33978-v2.jpg-2-520x767.jpeg 520w, https:\/\/www.anja-saskia-beyer.com\/wp-content\/uploads\/2026\/02\/Beyer-SiebenSommerOhneDich-33978-v2.jpg-2-740x1092.jpeg 740w, https:\/\/www.anja-saskia-beyer.com\/wp-content\/uploads\/2026\/02\/Beyer-SiebenSommerOhneDich-33978-v2.jpg-2.jpeg 1488w\" sizes=\"auto, (max-width: 694px) 100vw, 694px\" \/><\/a><\/figure>\n\n\n\n<blockquote class=\"wp-block-quote is-layout-flow wp-block-quote-is-layout-flow\">\n<p>Ein Ort voller Erinnerungen und eine gro\u00dfe Liebe: der Auftakt zur gef\u00fchlvollen New-Adult-Reihe von Kindle-#1-Bestsellerautorin Anja Saskia Beyer<\/p>\n\n\n\n<p>Nach einer bitteren Entt\u00e4uschung bleibt Emery nichts anderes \u00fcbrig, als ihr Gro\u00dfstadtleben in Vancouver hinter sich zu lassen und in ihre Heimat zur\u00fcckzukehren, auf die malerische Insel Summerset Island vor der K\u00fcste Kanadas. Die Insel scheint unver\u00e4ndert, doch unter der ruhigen Oberfl\u00e4che brodelt die Vergangenheit. Dort endete vor sieben Jahren eine Bootsparty in einer Katastrophe. Niemand spricht \u00fcber das Ungl\u00fcck, auch Cole, Emerys heimliche gro\u00dfe Liebe nicht. In all der Zeit konnte sie ihn nicht vergessen und auch jetzt l\u00e4sst er ihr Herz wieder h\u00f6herschlagen. Zwischen gro\u00dfen Gef\u00fchlen und verborgenen Wahrheiten entscheidet sich, ob aus Emerys R\u00fcckkehr ein Neuanfang werden kann \u2026<\/p>\n<\/blockquote>\n","protected":false},"excerpt":{"rendered":"<p>Ein Ort voller Erinnerungen und eine gro\u00dfe Liebe: der Auftakt zur gef\u00fchlvollen New-Adult-Reihe von Kindle-#1-Bestsellerautorin Anja Saskia Beyer Nach einer bitteren Entt\u00e4uschung bleibt Emery nichts anderes \u00fcbrig, als ihr Gro\u00dfstadtleben in Vancouver hinter sich zu<a class=\"read-more\" href=\"https:\/\/www.anja-saskia-beyer.com\/?page_id=1742\">Continue reading<\/a><\/p>\n","protected":false},"author":1,"featured_media":0,"parent":0,"menu_order":0,"comment_status":"closed","ping_status":"closed","template":"","meta":{"_acf_changed":false,"_kadence_starter_templates_imported_post":false,"footnotes":""},"class_list":["post-1742","page","type-page","status-publish","hentry"],"acf":[],"_links":{"self":[{"href":"https:\/\/www.anja-saskia-beyer.com\/index.php?rest_route=\/wp\/v2\/pages\/1742","targetHints":{"allow":["GET"]}}],"collection":[{"href":"https:\/\/www.anja-saskia-beyer.com\/index.php?rest_route=\/wp\/v2\/pages"}],"about":[{"href":"https:\/\/www.anja-saskia-beyer.com\/index.php?rest_route=\/wp\/v2\/types\/page"}],"author":[{"embeddable":true,"href":"https:\/\/www.anja-saskia-beyer.com\/index.php?rest_route=\/wp\/v2\/users\/1"}],"replies":[{"embeddable":true,"href":"https:\/\/www.anja-saskia-beyer.com\/index.php?rest_route=%2Fwp%2Fv2%2Fcomments&post=1742"}],"version-history":[{"count":1,"href":"https:\/\/www.anja-saskia-beyer.com\/index.php?rest_route=\/wp\/v2\/pages\/1742\/revisions"}],"predecessor-version":[{"id":1746,"href":"https:\/\/www.anja-saskia-beyer.com\/index.php?rest_route=\/wp\/v2\/pages\/1742\/revisions\/1746"}],"wp:attachment":[{"href":"https:\/\/www.anja-saskia-beyer.com\/index.php?rest_route=%2Fwp%2Fv2%2Fmedia&parent=1742"}],"curies":[{"name":"wp","href":"https:\/\/api.w.org\/{rel}","templated":true}]}}