{"id":1737,"date":"2026-02-07T15:46:11","date_gmt":"2026-02-07T13:46:11","guid":{"rendered":"https:\/\/www.anja-saskia-beyer.com\/?page_id=1737"},"modified":"2026-02-07T15:48:02","modified_gmt":"2026-02-07T13:48:02","slug":"sommersehnsucht-und-gluecksgefuehle","status":"publish","type":"page","link":"https:\/\/www.anja-saskia-beyer.com\/?page_id=1737","title":{"rendered":"Sommersehnsucht und Gl\u00fccksgef\u00fchle"},"content":{"rendered":"<div class=\"wp-block-image\">\n<figure class=\"alignleft size-large is-resized\"><a href=\"https:\/\/www.anja-saskia-beyer.com\/wp-content\/uploads\/2026\/02\/Cover-Capri3-v-amazon.jpg\"><img loading=\"lazy\" decoding=\"async\" width=\"694\" height=\"1024\" src=\"https:\/\/www.anja-saskia-beyer.com\/wp-content\/uploads\/2026\/02\/Cover-Capri3-v-amazon-694x1024.jpg\" alt=\"\" class=\"wp-image-1738\" style=\"width:473px;height:auto\" srcset=\"https:\/\/www.anja-saskia-beyer.com\/wp-content\/uploads\/2026\/02\/Cover-Capri3-v-amazon-694x1024.jpg 694w, https:\/\/www.anja-saskia-beyer.com\/wp-content\/uploads\/2026\/02\/Cover-Capri3-v-amazon-203x300.jpg 203w, https:\/\/www.anja-saskia-beyer.com\/wp-content\/uploads\/2026\/02\/Cover-Capri3-v-amazon-768x1133.jpg 768w, https:\/\/www.anja-saskia-beyer.com\/wp-content\/uploads\/2026\/02\/Cover-Capri3-v-amazon-520x767.jpg 520w, https:\/\/www.anja-saskia-beyer.com\/wp-content\/uploads\/2026\/02\/Cover-Capri3-v-amazon-740x1091.jpg 740w, https:\/\/www.anja-saskia-beyer.com\/wp-content\/uploads\/2026\/02\/Cover-Capri3-v-amazon.jpg 1017w\" sizes=\"auto, (max-width: 694px) 100vw, 694px\" \/><\/a><\/figure>\n<\/div>\n\n<div class=\"has-text-align-center wp-block-post-excerpt\"><p class=\"wp-block-post-excerpt__excerpt\">Ein ber\u00fchrender Sommerroman aus der erfolgreichen \u201eLiebe auf Capri\u201c-Reihe \u00fcber Vertrauen, Freiheit \u2013 und den Mut, dem eigenen Herzen zu folgen. Von #1-Kindle-Bestsellerautorin Anja Saskia Beyer.Auf einer traumhaften Hochzeit auf Capri f\u00fchlt sich Ann als Single fehl am Platz. In Berlin hat sie gerade alles verloren \u2013 ihr WG-Zimmer, ihren Job als Grafikdesignerin, ihre Richtung.&hellip; <\/p><\/div>","protected":false},"excerpt":{"rendered":"<p>Ein ber\u00fchrender Sommerroman aus der erfolgreichen \u201eLiebe auf Capri\u201c-Reihe \u00fcber Vertrauen, Freiheit \u2013 und den Mut, dem eigenen Herzen zu folgen. Von #1-Kindle-Bestsellerautorin Anja Saskia Beyer.<\/p>\n<p>Auf einer traumhaften Hochzeit auf Capri f\u00fchlt sich Ann als Single fehl am Platz. In Berlin hat sie gerade alles verloren \u2013 ihr WG-Zimmer, ihren Job als Grafikdesignerin, ihre Richtung. Auf der sonnendurchfluteten Insel bei ihren Schwestern hofft sie auf einen Neuanfang \u2013 irgendwo zwischen Zitronenduft, Meeresrauschen und vertrauter N\u00e4he.<br \/>Doch gleich bei ihrer Ankunft begegnet sie einem geheimnisvollen Mann, der ihr nicht mehr aus dem Kopf geht. Zur\u00fcckhaltend, r\u00e4tselhaft \u2013 und mit eigenen Pl\u00e4nen f\u00fcr Capri. Der Journalist Phil und Ann geraten immer wieder aneinander. Und doch w\u00e4chst da etwas zwischen ihnen \u2013 leise, widerspenstig, \u00fcberraschend.<br \/>Als die beiden gezwungen sind, eine Nacht unter einem Dach zu verbringen, sp\u00fcren sie das gef\u00e4hrliche Knistern. Doch beide k\u00e4mpfen gegen ihre aufkommenden Gef\u00fchle.<br \/>Bald steht Ann vor einer Entscheidung: Schafft sie es, ihre \u00c4ngste zu \u00fcberwinden und die Liebe zuzulassen &#8211; oder verliert sie ihre Chance auf Gl\u00fcck f\u00fcr immer?<br \/>Ein atmosph\u00e4rischer Italien-Liebesroman voller Sehnsucht, Herzklopfen und Sommer-Urlaubsgef\u00fchl.<br \/>Die B\u00e4nde der \u00bbLiebe auf Capri\u00ab-Reihe k\u00f6nnen unabh\u00e4ngig voneinander gelesen werden.<\/p>\n","protected":false},"author":1,"featured_media":0,"parent":0,"menu_order":0,"comment_status":"closed","ping_status":"closed","template":"","meta":{"_acf_changed":false,"_kadence_starter_templates_imported_post":false,"footnotes":""},"class_list":["post-1737","page","type-page","status-publish","hentry"],"acf":[],"_links":{"self":[{"href":"https:\/\/www.anja-saskia-beyer.com\/index.php?rest_route=\/wp\/v2\/pages\/1737","targetHints":{"allow":["GET"]}}],"collection":[{"href":"https:\/\/www.anja-saskia-beyer.com\/index.php?rest_route=\/wp\/v2\/pages"}],"about":[{"href":"https:\/\/www.anja-saskia-beyer.com\/index.php?rest_route=\/wp\/v2\/types\/page"}],"author":[{"embeddable":true,"href":"https:\/\/www.anja-saskia-beyer.com\/index.php?rest_route=\/wp\/v2\/users\/1"}],"replies":[{"embeddable":true,"href":"https:\/\/www.anja-saskia-beyer.com\/index.php?rest_route=%2Fwp%2Fv2%2Fcomments&post=1737"}],"version-history":[{"count":1,"href":"https:\/\/www.anja-saskia-beyer.com\/index.php?rest_route=\/wp\/v2\/pages\/1737\/revisions"}],"predecessor-version":[{"id":1740,"href":"https:\/\/www.anja-saskia-beyer.com\/index.php?rest_route=\/wp\/v2\/pages\/1737\/revisions\/1740"}],"wp:attachment":[{"href":"https:\/\/www.anja-saskia-beyer.com\/index.php?rest_route=%2Fwp%2Fv2%2Fmedia&parent=1737"}],"curies":[{"name":"wp","href":"https:\/\/api.w.org\/{rel}","templated":true}]}}