{"id":1729,"date":"2026-02-07T15:40:15","date_gmt":"2026-02-07T13:40:15","guid":{"rendered":"https:\/\/www.anja-saskia-beyer.com\/?page_id=1729"},"modified":"2026-02-07T15:41:31","modified_gmt":"2026-02-07T13:41:31","slug":"sommersehnsucht-und-meeresglitzern","status":"publish","type":"page","link":"https:\/\/www.anja-saskia-beyer.com\/?page_id=1729","title":{"rendered":"Sommersehnsucht und Meeresglitzern"},"content":{"rendered":"<div class=\"wp-block-image\">\n<figure class=\"alignleft size-large is-resized\"><a href=\"https:\/\/www.anja-saskia-beyer.com\/wp-content\/uploads\/2026\/02\/Cover-Capri2-v-amazon.jpg\"><img loading=\"lazy\" decoding=\"async\" width=\"694\" height=\"1024\" src=\"https:\/\/www.anja-saskia-beyer.com\/wp-content\/uploads\/2026\/02\/Cover-Capri2-v-amazon-694x1024.jpg\" alt=\"\" class=\"wp-image-1730\" style=\"width:389px;height:auto\" srcset=\"https:\/\/www.anja-saskia-beyer.com\/wp-content\/uploads\/2026\/02\/Cover-Capri2-v-amazon-694x1024.jpg 694w, https:\/\/www.anja-saskia-beyer.com\/wp-content\/uploads\/2026\/02\/Cover-Capri2-v-amazon-203x300.jpg 203w, https:\/\/www.anja-saskia-beyer.com\/wp-content\/uploads\/2026\/02\/Cover-Capri2-v-amazon-768x1134.jpg 768w, https:\/\/www.anja-saskia-beyer.com\/wp-content\/uploads\/2026\/02\/Cover-Capri2-v-amazon-520x768.jpg 520w, https:\/\/www.anja-saskia-beyer.com\/wp-content\/uploads\/2026\/02\/Cover-Capri2-v-amazon-740x1093.jpg 740w, https:\/\/www.anja-saskia-beyer.com\/wp-content\/uploads\/2026\/02\/Cover-Capri2-v-amazon.jpg 1016w\" sizes=\"auto, (max-width: 694px) 100vw, 694px\" \/><\/a><\/figure>\n<\/div>\n\n\n<p>T\u00fcrkisblau leuchtendes Meer, warme Inselsonne und die Verhei\u00dfung eines Neuanfangs \u2013 ein zauberhafter Roman aus der \u00bbLiebe auf Capri\u00ab-Reihe von Kindle-#1-Bestsellerautorin Anja Saskia Beyer<\/p>\n\n\n\n<p>Als ihre Ehe kriselt, f\u00e4hrt die Architektin Lina mit ihrer Tochter Marie nach Capri zu ihren Schwestern. Sie liebt die Insel, doch warum hat ihr verstorbener Gro\u00dfvater sie alle stets ferngehalten? Und warum will Marie auf einmal das Abi schmei\u00dfen?<\/p>\n\n\n\n<p>Nachdenklich streift Lina \u00fcber die Insel, entdeckt ein zauberhaftes verfallenes H\u00e4uschen \u2013 und trifft den attraktiven Schreiner Luca. Spontan beauftragt er sie, es mit ihm zu restaurieren. Zwischen Lavendel und Orangenb\u00e4umen kommen die beiden sich n\u00e4her. Als sie mitbekommt, dass ihre Gro\u00dfv\u00e4ter sich kannten, hofft Lina, endlich mehr zu erfahren. Tats\u00e4chlich sto\u00dfen die Schwestern dank Luca auf ein Familiengeheimnis. Doch auch er tr\u00e4gt etwas mit sich herum.<\/p>\n","protected":false},"excerpt":{"rendered":"<p>T\u00fcrkisblau leuchtendes Meer, warme Inselsonne und die Verhei\u00dfung eines Neuanfangs \u2013 ein zauberhafter Roman aus der \u00bbLiebe auf Capri\u00ab-Reihe von Kindle-#1-Bestsellerautorin Anja Saskia Beyer Als ihre Ehe kriselt, f\u00e4hrt die Architektin Lina mit ihrer Tochter<a class=\"read-more\" href=\"https:\/\/www.anja-saskia-beyer.com\/?page_id=1729\">Continue reading<\/a><\/p>\n","protected":false},"author":1,"featured_media":0,"parent":0,"menu_order":0,"comment_status":"closed","ping_status":"closed","template":"","meta":{"_acf_changed":false,"_kadence_starter_templates_imported_post":false,"footnotes":""},"class_list":["post-1729","page","type-page","status-publish","hentry"],"acf":[],"_links":{"self":[{"href":"https:\/\/www.anja-saskia-beyer.com\/index.php?rest_route=\/wp\/v2\/pages\/1729","targetHints":{"allow":["GET"]}}],"collection":[{"href":"https:\/\/www.anja-saskia-beyer.com\/index.php?rest_route=\/wp\/v2\/pages"}],"about":[{"href":"https:\/\/www.anja-saskia-beyer.com\/index.php?rest_route=\/wp\/v2\/types\/page"}],"author":[{"embeddable":true,"href":"https:\/\/www.anja-saskia-beyer.com\/index.php?rest_route=\/wp\/v2\/users\/1"}],"replies":[{"embeddable":true,"href":"https:\/\/www.anja-saskia-beyer.com\/index.php?rest_route=%2Fwp%2Fv2%2Fcomments&post=1729"}],"version-history":[{"count":2,"href":"https:\/\/www.anja-saskia-beyer.com\/index.php?rest_route=\/wp\/v2\/pages\/1729\/revisions"}],"predecessor-version":[{"id":1734,"href":"https:\/\/www.anja-saskia-beyer.com\/index.php?rest_route=\/wp\/v2\/pages\/1729\/revisions\/1734"}],"wp:attachment":[{"href":"https:\/\/www.anja-saskia-beyer.com\/index.php?rest_route=%2Fwp%2Fv2%2Fmedia&parent=1729"}],"curies":[{"name":"wp","href":"https:\/\/api.w.org\/{rel}","templated":true}]}}