{"id":17,"date":"2014-03-06T13:33:20","date_gmt":"2014-03-06T11:33:20","guid":{"rendered":"http:\/\/anja-saskia-beyer.com\/?page_id=17"},"modified":"2026-02-08T13:56:59","modified_gmt":"2026-02-08T11:56:59","slug":"roman","status":"publish","type":"page","link":"https:\/\/www.anja-saskia-beyer.com\/?page_id=17","title":{"rendered":"Roman"},"content":{"rendered":"<p><em>Seit 2013 schreibt die Autorin nicht nur Drehb\u00fccher, sondern auch Romane.<\/em><\/p>\n<p>2013 Himbeersommer &#8211; Amazon-Bestseller &#8222;Humor&#8220;<br \/>\n2014 Loving Nora &#8211; English Edition of &#8222;Himbeersommer&#8220;<br \/>\n2015 Liebe Dich &#8211; immer &#8211; Amazon Bestseller &#8222;Liebesroman Junge Erwachsene&#8220;<br \/>\n2015 Liebes Herz &#8211; erschienen bei Knaur<br \/>\n2016 Liebe dich &#8211; ewig &#8211; Amazon Bestseller &#8222;Liebesroman Junge Erwachsene&#8220;<br \/>\n2016 Mandelbl\u00fctenliebe &#8211; Top 1 Kindle-Bestseller, BILD-Bestseller Top 4, ein gef\u00fchlvoller Mutter-Tochter-Roman, der auf Mallorca spielt, Verlag Tinte &amp; Feder, Taschenbuch bei Ullstein,<br \/>\n2017 Erdbeeren im Sommer &#8211; BILD- und Amazon-Bestseller Top 6, spielt in S\u00fcditalien, Verlag Tinte &amp; Feder, Taschenbuch bei Ullstein<br \/>\n2017 Nelkenliebe &#8211; Verlag Tinte &amp; Feder, spielt in Portugal<br \/>\n2018 Tr\u00e4ume der Provence &#8211; Top 5 Amazon-Bestseller gesamt, Verlag Tinte &amp; Feder, spielt in S\u00fcdfrankreich<br \/>\n2019 Das kleine Caf\u00e9 am Meer &#8211; Top 1 Kindle-Bestseller knapp 4 Wochen und Top 1 Bild-Bestseller 4 Wochen<br \/>\n2019 Die Sterne \u00fcber Venedig &#8211; Kindle-Bestseller<br \/>\n2020 Frau im Gl\u00fcck &#8211; Erprobte Tipps und Tricks &#8211; unterhaltsames Sachbuch (#1 Kindle-Bestseller)<br \/>\n2020 Ich im Gl\u00fcck &#8211; Mein Gl\u00fcckstagebuch zum Selbstausf\u00fcllen<br \/>\n2020 Die geheimnisvollen G\u00e4rten der Toskana<br \/>\n2020 Under Almond Blossoms &#8211; englische \u00dcbersetzung von &#8222;Mandelbl\u00fctenliebe&#8220;<br \/>\n2021 Inselliebe und Meer &#8211; Mallorca-Sehnsucht-Reihe<br \/>\n2021 Sommerleuchten in der Toskana (Neuver\u00f6ffentlichung von &#8222;Liebes Herz&#8220;)<br \/>\n2022 Inseltr\u00e4ume und Meer &#8211; Mallorca-Sehnsucht-Reihe<br \/>\n2022 Inselbl\u00fcten und Meer &#8211; Mallorca-Sehnsucht-Reihe (#1 Kindle-Bestseller)<br \/>\n2023 Inselperlen und Meer &#8211; Mallorca-Sehnsucht-Reihe<br \/>\n2023 Die Gl\u00fccksfrauen &#8211; Der Geschmack von Freiheit (Bd 1 der Gl\u00fccksfrauen-Trilogie, L\u00fcbbe)<br \/>\n2024 Inselduft und Meer &#8211; Mallorca-Sehnsucht-Reihe<br \/>\n2024 Die Gl\u00fccksfrauen &#8211; Die Kraft der B\u00fccher (Bd 2 der Gl\u00fccksfrauen-Trilogie, L\u00fcbbe)<br \/>\n2024 Sommersehnsucht und Limonenbl\u00fcten &#8211; (Bd 1 der Liebe auf Capri-Reihe #4 Kindle-Bestseller und #5 BILD-Bestseller)<br \/>\n2024 Die Gl\u00fccksfrauen auf Niederl\u00e4ndisch, die H\u00f6rb\u00fccher der Gl\u00fccksfrauen<br \/>\n2025 Die Gl\u00fccksfrauen &#8211; Das Geheimnis der Rosen (Bd 3 der Gl\u00fccksfrauen-Trilogie, das Finale, L\u00fcbbe)<br \/>\n2025 Sommersehnsucht und Meeresglitzern &#8211; (Bd 2 der Liebe auf Capri-Reihe)<br \/>\n2025 Sommersehnsucht und Gl\u00fccksgef\u00fchle (Bd 3 der Liebe auf Capri-Reihe)<br \/>\n2026 Sieben Sommer ohne Dich &#8211; (Bd 1 der Summerset Island-Reihe)<br \/>\n2026 Sieben Jahre bis zu Dir &#8211; (Bd 2 der Summerset Island-Reihe)<\/p>\n<p><a onMouseOut=\"al_link_out()\" onMouseOver=\"al_gen_multi(1727476749, {uk : 'A-https:\/\/amzn.to\/4kwRSFe',us : 'A-https:\/\/amzn.to\/4kwRSFe',de : 'A-https:\/\/amzn.to\/4kwRSFe',es : 'A-https:\/\/amzn.to\/4kwRSFe',fr : 'A-https:\/\/amzn.to\/4kwRSFe',jp : 'A-https:\/\/amzn.to\/4kwRSFe',it : 'A-https:\/\/amzn.to\/4kwRSFe',cn : 'A-https:\/\/amzn.to\/4kwRSFe',in : 'A-https:\/\/amzn.to\/4kwRSFe',ca : 'A-https:\/\/amzn.to\/4kwRSFe',br : 'A-https:\/\/amzn.to\/4kwRSFe',mx : 'A-https:\/\/amzn.to\/4kwRSFe'}, 'uk', 'default');\"  rel=\"nofollow\" href=\"http:\/\/www.amazon.co.uk\/gp\/product\/https:\/\/amzn.to\/4kwRSFe?ie=UTF8&amp;linkCode=xm2&amp;camp=2025&amp;creative=6738&amp;tag=&amp;creativeASIN=https:\/\/amzn.to\/4kwRSFe&amp;SubscriptionId=-\">Amazon<\/a><\/p>\n","protected":false},"excerpt":{"rendered":"<p>Seit 2013 schreibt die Autorin nicht nur Drehb\u00fccher, sondern auch Romane. 2013 Himbeersommer &#8211; Amazon-Bestseller &#8222;Humor&#8220; 2014 Loving Nora &#8211; English Edition of &#8222;Himbeersommer&#8220; 2015 Liebe Dich &#8211; immer &#8211; Amazon Bestseller &#8222;Liebesroman Junge Erwachsene&#8220;<a class=\"read-more\" href=\"https:\/\/www.anja-saskia-beyer.com\/?page_id=17\">Continue reading<\/a><\/p>\n","protected":false},"author":1,"featured_media":0,"parent":0,"menu_order":3,"comment_status":"closed","ping_status":"closed","template":"","meta":{"_acf_changed":false,"_kadence_starter_templates_imported_post":false,"footnotes":""},"class_list":["post-17","page","type-page","status-publish","hentry"],"acf":[],"_links":{"self":[{"href":"https:\/\/www.anja-saskia-beyer.com\/index.php?rest_route=\/wp\/v2\/pages\/17","targetHints":{"allow":["GET"]}}],"collection":[{"href":"https:\/\/www.anja-saskia-beyer.com\/index.php?rest_route=\/wp\/v2\/pages"}],"about":[{"href":"https:\/\/www.anja-saskia-beyer.com\/index.php?rest_route=\/wp\/v2\/types\/page"}],"author":[{"embeddable":true,"href":"https:\/\/www.anja-saskia-beyer.com\/index.php?rest_route=\/wp\/v2\/users\/1"}],"replies":[{"embeddable":true,"href":"https:\/\/www.anja-saskia-beyer.com\/index.php?rest_route=%2Fwp%2Fv2%2Fcomments&post=17"}],"version-history":[{"count":44,"href":"https:\/\/www.anja-saskia-beyer.com\/index.php?rest_route=\/wp\/v2\/pages\/17\/revisions"}],"predecessor-version":[{"id":1753,"href":"https:\/\/www.anja-saskia-beyer.com\/index.php?rest_route=\/wp\/v2\/pages\/17\/revisions\/1753"}],"wp:attachment":[{"href":"https:\/\/www.anja-saskia-beyer.com\/index.php?rest_route=%2Fwp%2Fv2%2Fmedia&parent=17"}],"curies":[{"name":"wp","href":"https:\/\/api.w.org\/{rel}","templated":true}]}}