{"id":1281,"date":"2020-12-03T17:53:58","date_gmt":"2020-12-03T15:53:58","guid":{"rendered":"https:\/\/www.anja-saskia-beyer.com\/?page_id=1281"},"modified":"2020-12-03T17:58:41","modified_gmt":"2020-12-03T15:58:41","slug":"frau-im-glueck","status":"publish","type":"page","link":"https:\/\/www.anja-saskia-beyer.com\/?page_id=1281","title":{"rendered":"Frau im Gl\u00fcck &#8211; Erprobte Tipps und Tricks zum Nachahmen"},"content":{"rendered":"\n<p>&#8222;Frau im Gl\u00fcck&#8220; ist ein unterhaltsames Sachbuch (also kein Roman), von meiner lieben Kollegin Charly von Feyerabend und mir.<\/p>\n\n\n\n<p>Kurztext:<\/p>\n\n\n\n<p><strong>Zwei Frauen erproben Gl\u00fccksrezepte f\u00fcrs Leben \u2013 zum Nachahmen und Nachbacken.<\/strong><\/p>\n\n\n\n<p>Was ist das \u00fcberhaupt, dieses Gl\u00fcck, das wir uns alle w\u00fcnschen? Kann man es finden, wenn man richtig danach sucht? Oder ist es l\u00e4ngst da? Zwei Autorinnen machen sich auf die Suche nach Antworten. Sie sind Ehefrauen, M\u00fctter, Schriftstellerinnen, Geliebte, T\u00f6chter und Freundinnen, aber vor allem: sie selbst.<\/p>\n\n\n\n<p>Mit viel Lust am Entdecken f\u00fchren sie ein Gl\u00fcckstagebuch, versuchen es mit Yoga und Achtsamkeit, verschicken Frageb\u00f6gen an ihre Freundinnen und nehmen die Liebe unter die Lupe. Ein lebenskluges, lustiges, ber\u00fchrendes Buch \u00fcber die kleinen und gro\u00dfen Gl\u00fccksmomente im Leben und wie wir lernen, sie zu sehen.<\/p>\n\n\n\n<figure class=\"wp-block-image\"><img decoding=\"async\" src=\"https:\/\/m.media-amazon.com\/images\/I\/41jALwHxs5L.jpg\" alt=\"Frau im Gl\u00fcck - Erprobte Tipps und Tricks zum Nachahmen von [Anja Saskia Beyer, Charly von Feyerabend]\"\/><\/figure>\n","protected":false},"excerpt":{"rendered":"<p>&#8222;Frau im Gl\u00fcck&#8220; ist ein unterhaltsames Sachbuch (also kein Roman), von meiner lieben Kollegin Charly von Feyerabend und mir. Kurztext: Zwei Frauen erproben Gl\u00fccksrezepte f\u00fcrs Leben \u2013 zum Nachahmen und Nachbacken. Was ist das \u00fcberhaupt,<a class=\"read-more\" href=\"https:\/\/www.anja-saskia-beyer.com\/?page_id=1281\">Continue reading<\/a><\/p>\n","protected":false},"author":1,"featured_media":0,"parent":0,"menu_order":0,"comment_status":"closed","ping_status":"closed","template":"","meta":{"_acf_changed":false,"_kadence_starter_templates_imported_post":false,"footnotes":""},"class_list":["post-1281","page","type-page","status-publish","hentry"],"acf":[],"_links":{"self":[{"href":"https:\/\/www.anja-saskia-beyer.com\/index.php?rest_route=\/wp\/v2\/pages\/1281","targetHints":{"allow":["GET"]}}],"collection":[{"href":"https:\/\/www.anja-saskia-beyer.com\/index.php?rest_route=\/wp\/v2\/pages"}],"about":[{"href":"https:\/\/www.anja-saskia-beyer.com\/index.php?rest_route=\/wp\/v2\/types\/page"}],"author":[{"embeddable":true,"href":"https:\/\/www.anja-saskia-beyer.com\/index.php?rest_route=\/wp\/v2\/users\/1"}],"replies":[{"embeddable":true,"href":"https:\/\/www.anja-saskia-beyer.com\/index.php?rest_route=%2Fwp%2Fv2%2Fcomments&post=1281"}],"version-history":[{"count":2,"href":"https:\/\/www.anja-saskia-beyer.com\/index.php?rest_route=\/wp\/v2\/pages\/1281\/revisions"}],"predecessor-version":[{"id":1290,"href":"https:\/\/www.anja-saskia-beyer.com\/index.php?rest_route=\/wp\/v2\/pages\/1281\/revisions\/1290"}],"wp:attachment":[{"href":"https:\/\/www.anja-saskia-beyer.com\/index.php?rest_route=%2Fwp%2Fv2%2Fmedia&parent=1281"}],"curies":[{"name":"wp","href":"https:\/\/api.w.org\/{rel}","templated":true}]}}