{"id":1271,"date":"2020-12-03T17:44:27","date_gmt":"2020-12-03T15:44:27","guid":{"rendered":"https:\/\/www.anja-saskia-beyer.com\/?page_id=1271"},"modified":"2021-01-07T11:28:53","modified_gmt":"2021-01-07T09:28:53","slug":"zeit-der-pfirsichbluete","status":"publish","type":"page","link":"https:\/\/www.anja-saskia-beyer.com\/?page_id=1271","title":{"rendered":"Zeit der Pfirsichbl\u00fcte"},"content":{"rendered":"\n<p>Zeit der Pfirsichbl\u00fcte ist am 8. Dezember 2020 erschienen und eroberte die Top 1 Kindle-Bestseller gesamt und Top 1 BILD-Bestseller.<\/p>\n\n\n\n<p>Kurzinhalt:<\/p>\n\n\n\n<p><strong>Der neue Roman von Bestsellerautorin Anja Saskia Beyer um die Liebe, ein ber\u00fchrendes Geheimnis und die beste Freundin der Welt.<\/strong><\/p>\n\n\n\n<p>Annas Beziehung ist etwas eingefahren. Da kommt ein M\u00e4delsurlaub mit ihrer besten Freundin Carina gerade recht. Dass es ausgerechnet nach Barcelona gehen soll, in die Stadt, in der Anna vor zwanzig Jahren die gro\u00dfe Liebe und den gr\u00f6\u00dften Schmerz erlebt hat, passt ihr allerdings \u00fcberhaupt nicht.<\/p>\n\n\n\n<p>Aber dann st\u00f6\u00dft die junge Frau auf etwas Unfassbares und f\u00e4hrt mit ihrer Freundin nach Spanien, um ihrem Verdacht nachzugehen. Das mediterrane Lebensgef\u00fchl und die duftenden Pfirsichplantagen bei Barcelona verzaubern sie wieder sofort.<\/p>\n\n\n\n<p>Anna begibt sich gemeinsam mit dem attraktiven Pablo, mit dem sie fr\u00fcher eine tiefe Freundschaft verband, auf Spurensuche. Aber kann sie ihm vertrauen oder ist er der Grund daf\u00fcr, dass ihr Gl\u00fcck damals ein j\u00e4hes Ende nahm?<\/p>\n\n\n\n<figure class=\"wp-block-image\"><img decoding=\"async\" src=\"https:\/\/m.media-amazon.com\/images\/I\/51PsAqzqFcL.jpg\" alt=\"Zeit der Pfirsichbl\u00fcte von [Anja Saskia Beyer]\"\/><\/figure>\n","protected":false},"excerpt":{"rendered":"<p>Zeit der Pfirsichbl\u00fcte ist am 8. Dezember 2020 erschienen und eroberte die Top 1 Kindle-Bestseller gesamt und Top 1 BILD-Bestseller. Kurzinhalt: Der neue Roman von Bestsellerautorin Anja Saskia Beyer um die Liebe, ein ber\u00fchrendes Geheimnis<a class=\"read-more\" href=\"https:\/\/www.anja-saskia-beyer.com\/?page_id=1271\">Continue reading<\/a><\/p>\n","protected":false},"author":1,"featured_media":0,"parent":0,"menu_order":0,"comment_status":"closed","ping_status":"closed","template":"","meta":{"_acf_changed":false,"_kadence_starter_templates_imported_post":false,"footnotes":""},"class_list":["post-1271","page","type-page","status-publish","hentry"],"acf":[],"_links":{"self":[{"href":"https:\/\/www.anja-saskia-beyer.com\/index.php?rest_route=\/wp\/v2\/pages\/1271","targetHints":{"allow":["GET"]}}],"collection":[{"href":"https:\/\/www.anja-saskia-beyer.com\/index.php?rest_route=\/wp\/v2\/pages"}],"about":[{"href":"https:\/\/www.anja-saskia-beyer.com\/index.php?rest_route=\/wp\/v2\/types\/page"}],"author":[{"embeddable":true,"href":"https:\/\/www.anja-saskia-beyer.com\/index.php?rest_route=\/wp\/v2\/users\/1"}],"replies":[{"embeddable":true,"href":"https:\/\/www.anja-saskia-beyer.com\/index.php?rest_route=%2Fwp%2Fv2%2Fcomments&post=1271"}],"version-history":[{"count":2,"href":"https:\/\/www.anja-saskia-beyer.com\/index.php?rest_route=\/wp\/v2\/pages\/1271\/revisions"}],"predecessor-version":[{"id":1322,"href":"https:\/\/www.anja-saskia-beyer.com\/index.php?rest_route=\/wp\/v2\/pages\/1271\/revisions\/1322"}],"wp:attachment":[{"href":"https:\/\/www.anja-saskia-beyer.com\/index.php?rest_route=%2Fwp%2Fv2%2Fmedia&parent=1271"}],"curies":[{"name":"wp","href":"https:\/\/api.w.org\/{rel}","templated":true}]}}