{"id":1015,"date":"2019-01-10T13:46:31","date_gmt":"2019-01-10T11:46:31","guid":{"rendered":"https:\/\/www.anja-saskia-beyer.com\/?page_id=1015"},"modified":"2020-02-17T11:37:45","modified_gmt":"2020-02-17T09:37:45","slug":"das-kleine-cafe-am-meer","status":"publish","type":"page","link":"https:\/\/www.anja-saskia-beyer.com\/?page_id=1015","title":{"rendered":"Das kleine Caf\u00e9 am Meer"},"content":{"rendered":"<p>Das kleine Caf\u00e9 am Meer ist am 12. M\u00e4rz 2019 erschienen und kletterte sofort auf Platz 1 der Kindle-Bestseller gesamt. Dort hielt es sich vier Wochen, ebenso vier Wochen auf Platz 1 der BILD-Bestsseller. Hier geht es zu: <a href=\"https:\/\/www.amazon.de\/Das-kleine-Caf\u00e9-am-Meer-ebook\/dp\/B07HLZ1ZVD\/ref=sr_1_1?ie=UTF8&amp;qid=1547120376&amp;sr=8-1&amp;keywords=das+kleine+cafe+am+meer\" target=\"_blank\" rel=\"noopener noreferrer\">Das kleine Caf\u00e9 am Meer<\/a><\/p>\n<p>Kurzinhalt:<\/p>\n<p>Kindle-#1-Bestsellerautorin Anja Saskia Beyer \u00fcber den Traum eines Neuanfangs auf der Sonneninsel Mallorca: einf\u00fchlsam und am\u00fcsant.<br \/>\nF\u00fcr die h\u00fcbsche Hannah Blumberg, Assistentin in der Modebranche mit einem Hang zu teuren Handtaschen, l\u00e4uft es gerade nicht so gut: Erst wird ihr Arbeitsvertrag nicht verl\u00e4ngert und dann macht auch noch ihr Freund mit ihr Schluss. Per Mail.<br \/>\nEins ist klar: Hannah braucht dringend eine bezahlbare Auszeit. Da kommt die Einladung von Freundin Lucia nach Mallorca gerade recht \u2013 Lucia hat ein Caf\u00e9 mit Meerblick im Norden der Insel er\u00f6ffnet und serviert den besten Kaffee der Insel. Sie vermittelt Hannah au\u00dferdem einen Job als M\u00e4dchen f\u00fcr Alles in der Pension von ihrem Freund Sam. Zwischen Bettenbeziehen und Zeit mit der Freundin begibt Hannah sich auf Spurensuche \u2013 nach sich selbst, ihrer Kindheit und vielleicht auch dem Sinn des Lebens. Und dann w\u00e4re da noch Sam, der unnahbar und anziehend zugleich ist und ihr manchmal den letzten Nerv raubt. Er betreibt einen Orangenhain und zeigt Hannah, wie Orangenbl\u00fctenhonig schmeckt und h\u00f6rt ihr wirklich zu. Doch was verbirgt Sam und was diese Insel? Es wird f\u00fcr Hannah ein Sommer voller Geheimnisse.<br \/>\n<a href=\"https:\/\/www.anja-saskia-beyer.com\/wp-content\/uploads\/2019\/01\/Beyer-Das-kleine-Cafe-am-Meer-28100-CV-FT-v5-e1547120776266.jpg\"><img loading=\"lazy\" decoding=\"async\" class=\"alignnone size-full wp-image-1012\" src=\"https:\/\/www.anja-saskia-beyer.com\/wp-content\/uploads\/2019\/01\/Beyer-Das-kleine-Cafe-am-Meer-28100-CV-FT-v5-e1547120776266.jpg\" alt=\"\" width=\"148\" height=\"218\" \/><\/a><\/p>\n","protected":false},"excerpt":{"rendered":"<p>Das kleine Caf\u00e9 am Meer ist am 12. M\u00e4rz 2019 erschienen und kletterte sofort auf Platz 1 der Kindle-Bestseller gesamt. Dort hielt es sich vier Wochen, ebenso vier Wochen auf Platz 1 der BILD-Bestsseller. Hier<a class=\"read-more\" href=\"https:\/\/www.anja-saskia-beyer.com\/?page_id=1015\">Continue reading<\/a><\/p>\n","protected":false},"author":1,"featured_media":0,"parent":0,"menu_order":0,"comment_status":"closed","ping_status":"closed","template":"","meta":{"_acf_changed":false,"_kadence_starter_templates_imported_post":false,"footnotes":""},"class_list":["post-1015","page","type-page","status-publish","hentry"],"acf":[],"_links":{"self":[{"href":"https:\/\/www.anja-saskia-beyer.com\/index.php?rest_route=\/wp\/v2\/pages\/1015","targetHints":{"allow":["GET"]}}],"collection":[{"href":"https:\/\/www.anja-saskia-beyer.com\/index.php?rest_route=\/wp\/v2\/pages"}],"about":[{"href":"https:\/\/www.anja-saskia-beyer.com\/index.php?rest_route=\/wp\/v2\/types\/page"}],"author":[{"embeddable":true,"href":"https:\/\/www.anja-saskia-beyer.com\/index.php?rest_route=\/wp\/v2\/users\/1"}],"replies":[{"embeddable":true,"href":"https:\/\/www.anja-saskia-beyer.com\/index.php?rest_route=%2Fwp%2Fv2%2Fcomments&post=1015"}],"version-history":[{"count":3,"href":"https:\/\/www.anja-saskia-beyer.com\/index.php?rest_route=\/wp\/v2\/pages\/1015\/revisions"}],"predecessor-version":[{"id":1133,"href":"https:\/\/www.anja-saskia-beyer.com\/index.php?rest_route=\/wp\/v2\/pages\/1015\/revisions\/1133"}],"wp:attachment":[{"href":"https:\/\/www.anja-saskia-beyer.com\/index.php?rest_route=%2Fwp%2Fv2%2Fmedia&parent=1015"}],"curies":[{"name":"wp","href":"https:\/\/api.w.org\/{rel}","templated":true}]}}